{"id":5241,"date":"2024-02-12T12:32:30","date_gmt":"2024-02-12T09:32:30","guid":{"rendered":"https:\/\/www.alkur.com.tr\/?page_id=5241"},"modified":"2024-02-14T11:50:46","modified_gmt":"2024-02-14T08:50:46","slug":"hangar-kapilar","status":"publish","type":"page","link":"https:\/\/www.alkur.com.tr\/?page_id=5241","title":{"rendered":"Hangar Kap\u0131lar"},"content":{"rendered":"\t\t<div data-elementor-type=\"wp-page\" data-elementor-id=\"5241\" class=\"elementor elementor-5241\" data-elementor-post-type=\"page\">\n\t\t\t\t<div class=\"elementor-element elementor-element-9f99205 e-grid e-con-full e-con e-parent\" data-id=\"9f99205\" data-element_type=\"container\" data-e-type=\"container\">\n\t\t\t\t<div class=\"elementor-element elementor-element-197b5cb elementor-widget elementor-widget-heading\" data-id=\"197b5cb\" data-element_type=\"widget\" data-e-type=\"widget\" data-widget_type=\"heading.default\">\n\t\t\t\t<div class=\"elementor-widget-container\">\n\t\t\t\t\t<h1 class=\"elementor-heading-title elementor-size-default\">Hangar Kap\u0131lar\u0131<\/h1>\t\t\t\t<\/div>\n\t\t\t\t<\/div>\n\t\t\t\t<\/div>\n\t\t<div class=\"elementor-element elementor-element-1006083 e-flex e-con-boxed e-con e-parent\" data-id=\"1006083\" data-element_type=\"container\" data-e-type=\"container\">\n\t\t\t\t\t<div class=\"e-con-inner\">\n\t\t\t\t<div class=\"elementor-element elementor-element-f77aeb1 elementor-widget-divider--view-line elementor-widget elementor-widget-divider\" data-id=\"f77aeb1\" data-element_type=\"widget\" data-e-type=\"widget\" data-widget_type=\"divider.default\">\n\t\t\t\t<div class=\"elementor-widget-container\">\n\t\t\t\t\t\t\t<div class=\"elementor-divider\">\n\t\t\t<span class=\"elementor-divider-separator\">\n\t\t\t\t\t\t<\/span>\n\t\t<\/div>\n\t\t\t\t\t\t<\/div>\n\t\t\t\t<\/div>\n\t\t\t\t\t<\/div>\n\t\t\t\t<\/div>\n\t\t<div class=\"elementor-element elementor-element-7b22ee7 e-grid e-con-boxed e-con e-parent\" data-id=\"7b22ee7\" data-element_type=\"container\" data-e-type=\"container\">\n\t\t\t\t\t<div class=\"e-con-inner\">\n\t\t\t\t<div class=\"elementor-element elementor-element-a85d17e elementor-widget elementor-widget-image\" data-id=\"a85d17e\" data-element_type=\"widget\" data-e-type=\"widget\" data-widget_type=\"image.default\">\n\t\t\t\t<div class=\"elementor-widget-container\">\n\t\t\t\t\t\t\t\t\t\t\t\t<figure class=\"wp-caption\">\n\t\t\t\t\t\t\t\t\t\t\t<a href=\"https:\/\/www.alkur.com.tr\/?page_id=5533\">\n\t\t\t\t\t\t\t<img fetchpriority=\"high\" decoding=\"async\" width=\"300\" height=\"235\" src=\"https:\/\/www.alkur.com.tr\/wp-content\/uploads\/2024\/02\/teleskopik.png\" class=\"attachment-medium size-medium wp-image-5265\" alt=\"\" \/>\t\t\t\t\t\t\t\t<\/a>\n\t\t\t\t\t\t\t\t\t\t\t<figcaption class=\"widget-image-caption wp-caption-text\">Teleskopik<\/figcaption>\n\t\t\t\t\t\t\t\t\t\t<\/figure>\n\t\t\t\t\t\t\t\t\t<\/div>\n\t\t\t\t<\/div>\n\t\t\t\t<div class=\"elementor-element elementor-element-2cb206b elementor-widget elementor-widget-image\" data-id=\"2cb206b\" data-element_type=\"widget\" data-e-type=\"widget\" data-widget_type=\"image.default\">\n\t\t\t\t<div class=\"elementor-widget-container\">\n\t\t\t\t\t\t\t\t\t\t\t\t<figure class=\"wp-caption\">\n\t\t\t\t\t\t\t\t\t\t\t<a href=\"https:\/\/www.alkur.com.tr\/?page_id=5535\">\n\t\t\t\t\t\t\t<img decoding=\"async\" width=\"300\" height=\"235\" src=\"https:\/\/www.alkur.com.tr\/wp-content\/uploads\/2024\/02\/yana-katlanir.png\" class=\"attachment-medium size-medium wp-image-5266\" alt=\"\" \/>\t\t\t\t\t\t\t\t<\/a>\n\t\t\t\t\t\t\t\t\t\t\t<figcaption class=\"widget-image-caption wp-caption-text\">Yana Katlanir<\/figcaption>\n\t\t\t\t\t\t\t\t\t\t<\/figure>\n\t\t\t\t\t\t\t\t\t<\/div>\n\t\t\t\t<\/div>\n\t\t\t\t\t<\/div>\n\t\t\t\t<\/div>\n\t\t<div class=\"elementor-element elementor-element-a2facd6 e-flex e-con-boxed e-con e-parent\" data-id=\"a2facd6\" data-element_type=\"container\" data-e-type=\"container\">\n\t\t\t\t\t<div class=\"e-con-inner\">\n\t\t\t\t<div class=\"elementor-element elementor-element-874e663 elementor-widget-divider--view-line elementor-widget elementor-widget-divider\" data-id=\"874e663\" data-element_type=\"widget\" data-e-type=\"widget\" data-widget_type=\"divider.default\">\n\t\t\t\t<div class=\"elementor-widget-container\">\n\t\t\t\t\t\t\t<div class=\"elementor-divider\">\n\t\t\t<span class=\"elementor-divider-separator\">\n\t\t\t\t\t\t<\/span>\n\t\t<\/div>\n\t\t\t\t\t\t<\/div>\n\t\t\t\t<\/div>\n\t\t\t\t\t<\/div>\n\t\t\t\t<\/div>\n\t\t\t\t<\/div>\n\t\t","protected":false},"excerpt":{"rendered":"<p>Hangar Kap\u0131lar\u0131 Teleskopik Yana Katlanir<\/p>\n","protected":false},"author":1,"featured_media":0,"parent":0,"menu_order":0,"comment_status":"closed","ping_status":"closed","template":"elementor_header_footer","meta":{"_joinchat":[],"footnotes":""},"class_list":["post-5241","page","type-page","status-publish","hentry"],"yoast_head":"<!-- This site is optimized with the Yoast SEO plugin v27.4 - https:\/\/yoast.com\/product\/yoast-seo-wordpress\/ -->\n<title>Hangar Kap\u0131lar - Alkur Kap\u0131 Sistemleri<\/title>\n<meta name=\"robots\" content=\"index, follow, max-snippet:-1, max-image-preview:large, max-video-preview:-1\" \/>\n<link rel=\"canonical\" href=\"https:\/\/www.alkur.com.tr\/?page_id=5241\" \/>\n<meta property=\"og:locale\" content=\"tr_TR\" \/>\n<meta property=\"og:type\" content=\"article\" \/>\n<meta property=\"og:title\" content=\"Hangar Kap\u0131lar - Alkur Kap\u0131 Sistemleri\" \/>\n<meta property=\"og:description\" content=\"Hangar Kap\u0131lar\u0131 Teleskopik Yana Katlanir\" \/>\n<meta property=\"og:url\" content=\"https:\/\/www.alkur.com.tr\/?page_id=5241\" \/>\n<meta property=\"og:site_name\" content=\"Alkur Kap\u0131 Sistemleri\" \/>\n<meta property=\"article:publisher\" content=\"https:\/\/www.facebook.com\/alkurkapisistemlerias\/\" \/>\n<meta property=\"article:modified_time\" content=\"2024-02-14T08:50:46+00:00\" \/>\n<meta property=\"og:image\" content=\"https:\/\/www.alkur.com.tr\/wp-content\/uploads\/2024\/02\/teleskopik.png\" \/>\n<meta name=\"twitter:card\" content=\"summary_large_image\" \/>\n<script type=\"application\/ld+json\" class=\"yoast-schema-graph\">{\"@context\":\"https:\\\/\\\/schema.org\",\"@graph\":[{\"@type\":\"WebPage\",\"@id\":\"https:\\\/\\\/www.alkur.com.tr\\\/?page_id=5241\",\"url\":\"https:\\\/\\\/www.alkur.com.tr\\\/?page_id=5241\",\"name\":\"Hangar Kap\u0131lar - Alkur Kap\u0131 Sistemleri\",\"isPartOf\":{\"@id\":\"https:\\\/\\\/www.alkur.com.tr\\\/#website\"},\"primaryImageOfPage\":{\"@id\":\"https:\\\/\\\/www.alkur.com.tr\\\/?page_id=5241#primaryimage\"},\"image\":{\"@id\":\"https:\\\/\\\/www.alkur.com.tr\\\/?page_id=5241#primaryimage\"},\"thumbnailUrl\":\"https:\\\/\\\/www.alkur.com.tr\\\/wp-content\\\/uploads\\\/2024\\\/02\\\/teleskopik.png\",\"datePublished\":\"2024-02-12T09:32:30+00:00\",\"dateModified\":\"2024-02-14T08:50:46+00:00\",\"breadcrumb\":{\"@id\":\"https:\\\/\\\/www.alkur.com.tr\\\/?page_id=5241#breadcrumb\"},\"inLanguage\":\"tr\",\"potentialAction\":[{\"@type\":\"ReadAction\",\"target\":[\"https:\\\/\\\/www.alkur.com.tr\\\/?page_id=5241\"]}]},{\"@type\":\"ImageObject\",\"inLanguage\":\"tr\",\"@id\":\"https:\\\/\\\/www.alkur.com.tr\\\/?page_id=5241#primaryimage\",\"url\":\"https:\\\/\\\/www.alkur.com.tr\\\/wp-content\\\/uploads\\\/2024\\\/02\\\/teleskopik.png\",\"contentUrl\":\"https:\\\/\\\/www.alkur.com.tr\\\/wp-content\\\/uploads\\\/2024\\\/02\\\/teleskopik.png\",\"width\":1775,\"height\":1388},{\"@type\":\"BreadcrumbList\",\"@id\":\"https:\\\/\\\/www.alkur.com.tr\\\/?page_id=5241#breadcrumb\",\"itemListElement\":[{\"@type\":\"ListItem\",\"position\":1,\"name\":\"Anasayfa\",\"item\":\"https:\\\/\\\/www.alkur.com.tr\\\/\"},{\"@type\":\"ListItem\",\"position\":2,\"name\":\"Hangar Kap\u0131lar\"}]},{\"@type\":\"WebSite\",\"@id\":\"https:\\\/\\\/www.alkur.com.tr\\\/#website\",\"url\":\"https:\\\/\\\/www.alkur.com.tr\\\/\",\"name\":\"Alkur Kap\u0131 Sistemleri\",\"description\":\"Gelece\u011fe A&ccedil;\u0131lan Kap\u0131lar\",\"publisher\":{\"@id\":\"https:\\\/\\\/www.alkur.com.tr\\\/#organization\"},\"potentialAction\":[{\"@type\":\"SearchAction\",\"target\":{\"@type\":\"EntryPoint\",\"urlTemplate\":\"https:\\\/\\\/www.alkur.com.tr\\\/?s={search_term_string}\"},\"query-input\":{\"@type\":\"PropertyValueSpecification\",\"valueRequired\":true,\"valueName\":\"search_term_string\"}}],\"inLanguage\":\"tr\"},{\"@type\":\"Organization\",\"@id\":\"https:\\\/\\\/www.alkur.com.tr\\\/#organization\",\"name\":\"Alkur Kap\u0131 Sistemleri\",\"url\":\"https:\\\/\\\/www.alkur.com.tr\\\/\",\"logo\":{\"@type\":\"ImageObject\",\"inLanguage\":\"tr\",\"@id\":\"https:\\\/\\\/www.alkur.com.tr\\\/#\\\/schema\\\/logo\\\/image\\\/\",\"url\":\"https:\\\/\\\/www.alkur.com.tr\\\/wp-content\\\/uploads\\\/2024\\\/02\\\/alkur_kare_logo.png\",\"contentUrl\":\"https:\\\/\\\/www.alkur.com.tr\\\/wp-content\\\/uploads\\\/2024\\\/02\\\/alkur_kare_logo.png\",\"width\":300,\"height\":111,\"caption\":\"Alkur Kap\u0131 Sistemleri\"},\"image\":{\"@id\":\"https:\\\/\\\/www.alkur.com.tr\\\/#\\\/schema\\\/logo\\\/image\\\/\"},\"sameAs\":[\"https:\\\/\\\/www.facebook.com\\\/alkurkapisistemlerias\\\/\",\"https:\\\/\\\/www.instagram.com\\\/alkurkapi\\\/?hl=tr\",\"https:\\\/\\\/www.youtube.com\\\/channel\\\/UC-GvedsSMKecscBgR4sMyEw\"]}]}<\/script>\n<!-- \/ Yoast SEO plugin. -->","yoast_head_json":{"title":"Hangar Kap\u0131lar - Alkur Kap\u0131 Sistemleri","robots":{"index":"index","follow":"follow","max-snippet":"max-snippet:-1","max-image-preview":"max-image-preview:large","max-video-preview":"max-video-preview:-1"},"canonical":"https:\/\/www.alkur.com.tr\/?page_id=5241","og_locale":"tr_TR","og_type":"article","og_title":"Hangar Kap\u0131lar - Alkur Kap\u0131 Sistemleri","og_description":"Hangar Kap\u0131lar\u0131 Teleskopik Yana Katlanir","og_url":"https:\/\/www.alkur.com.tr\/?page_id=5241","og_site_name":"Alkur Kap\u0131 Sistemleri","article_publisher":"https:\/\/www.facebook.com\/alkurkapisistemlerias\/","article_modified_time":"2024-02-14T08:50:46+00:00","og_image":[{"url":"https:\/\/www.alkur.com.tr\/wp-content\/uploads\/2024\/02\/teleskopik.png","type":"","width":"","height":""}],"twitter_card":"summary_large_image","schema":{"@context":"https:\/\/schema.org","@graph":[{"@type":"WebPage","@id":"https:\/\/www.alkur.com.tr\/?page_id=5241","url":"https:\/\/www.alkur.com.tr\/?page_id=5241","name":"Hangar Kap\u0131lar - Alkur Kap\u0131 Sistemleri","isPartOf":{"@id":"https:\/\/www.alkur.com.tr\/#website"},"primaryImageOfPage":{"@id":"https:\/\/www.alkur.com.tr\/?page_id=5241#primaryimage"},"image":{"@id":"https:\/\/www.alkur.com.tr\/?page_id=5241#primaryimage"},"thumbnailUrl":"https:\/\/www.alkur.com.tr\/wp-content\/uploads\/2024\/02\/teleskopik.png","datePublished":"2024-02-12T09:32:30+00:00","dateModified":"2024-02-14T08:50:46+00:00","breadcrumb":{"@id":"https:\/\/www.alkur.com.tr\/?page_id=5241#breadcrumb"},"inLanguage":"tr","potentialAction":[{"@type":"ReadAction","target":["https:\/\/www.alkur.com.tr\/?page_id=5241"]}]},{"@type":"ImageObject","inLanguage":"tr","@id":"https:\/\/www.alkur.com.tr\/?page_id=5241#primaryimage","url":"https:\/\/www.alkur.com.tr\/wp-content\/uploads\/2024\/02\/teleskopik.png","contentUrl":"https:\/\/www.alkur.com.tr\/wp-content\/uploads\/2024\/02\/teleskopik.png","width":1775,"height":1388},{"@type":"BreadcrumbList","@id":"https:\/\/www.alkur.com.tr\/?page_id=5241#breadcrumb","itemListElement":[{"@type":"ListItem","position":1,"name":"Anasayfa","item":"https:\/\/www.alkur.com.tr\/"},{"@type":"ListItem","position":2,"name":"Hangar Kap\u0131lar"}]},{"@type":"WebSite","@id":"https:\/\/www.alkur.com.tr\/#website","url":"https:\/\/www.alkur.com.tr\/","name":"Alkur Kap\u0131 Sistemleri","description":"Gelece\u011fe A&ccedil;\u0131lan Kap\u0131lar","publisher":{"@id":"https:\/\/www.alkur.com.tr\/#organization"},"potentialAction":[{"@type":"SearchAction","target":{"@type":"EntryPoint","urlTemplate":"https:\/\/www.alkur.com.tr\/?s={search_term_string}"},"query-input":{"@type":"PropertyValueSpecification","valueRequired":true,"valueName":"search_term_string"}}],"inLanguage":"tr"},{"@type":"Organization","@id":"https:\/\/www.alkur.com.tr\/#organization","name":"Alkur Kap\u0131 Sistemleri","url":"https:\/\/www.alkur.com.tr\/","logo":{"@type":"ImageObject","inLanguage":"tr","@id":"https:\/\/www.alkur.com.tr\/#\/schema\/logo\/image\/","url":"https:\/\/www.alkur.com.tr\/wp-content\/uploads\/2024\/02\/alkur_kare_logo.png","contentUrl":"https:\/\/www.alkur.com.tr\/wp-content\/uploads\/2024\/02\/alkur_kare_logo.png","width":300,"height":111,"caption":"Alkur Kap\u0131 Sistemleri"},"image":{"@id":"https:\/\/www.alkur.com.tr\/#\/schema\/logo\/image\/"},"sameAs":["https:\/\/www.facebook.com\/alkurkapisistemlerias\/","https:\/\/www.instagram.com\/alkurkapi\/?hl=tr","https:\/\/www.youtube.com\/channel\/UC-GvedsSMKecscBgR4sMyEw"]}]}},"_links":{"self":[{"href":"https:\/\/www.alkur.com.tr\/index.php?rest_route=\/wp\/v2\/pages\/5241","targetHints":{"allow":["GET"]}}],"collection":[{"href":"https:\/\/www.alkur.com.tr\/index.php?rest_route=\/wp\/v2\/pages"}],"about":[{"href":"https:\/\/www.alkur.com.tr\/index.php?rest_route=\/wp\/v2\/types\/page"}],"author":[{"embeddable":true,"href":"https:\/\/www.alkur.com.tr\/index.php?rest_route=\/wp\/v2\/users\/1"}],"replies":[{"embeddable":true,"href":"https:\/\/www.alkur.com.tr\/index.php?rest_route=%2Fwp%2Fv2%2Fcomments&post=5241"}],"version-history":[{"count":10,"href":"https:\/\/www.alkur.com.tr\/index.php?rest_route=\/wp\/v2\/pages\/5241\/revisions"}],"predecessor-version":[{"id":5853,"href":"https:\/\/www.alkur.com.tr\/index.php?rest_route=\/wp\/v2\/pages\/5241\/revisions\/5853"}],"wp:attachment":[{"href":"https:\/\/www.alkur.com.tr\/index.php?rest_route=%2Fwp%2Fv2%2Fmedia&parent=5241"}],"curies":[{"name":"wp","href":"https:\/\/api.w.org\/{rel}","templated":true}]}}