{"id":3475,"date":"2024-01-20T17:52:05","date_gmt":"2024-01-20T14:52:05","guid":{"rendered":"https:\/\/www.alkur.com.tr\/?page_id=3475"},"modified":"2025-01-06T15:48:07","modified_gmt":"2025-01-06T12:48:07","slug":"paneller-ve-aksesuarlar","status":"publish","type":"page","link":"https:\/\/www.alkur.com.tr\/?page_id=3475","title":{"rendered":"Paneller ve Aksesuarlar"},"content":{"rendered":"\t\t<div data-elementor-type=\"wp-page\" data-elementor-id=\"3475\" class=\"elementor elementor-3475\" data-elementor-post-type=\"page\">\n\t\t\t\t<div class=\"elementor-element elementor-element-9f99205 e-grid e-con-full e-con e-parent\" data-id=\"9f99205\" data-element_type=\"container\" data-e-type=\"container\">\n\t\t\t\t<div class=\"elementor-element elementor-element-197b5cb elementor-widget elementor-widget-heading\" data-id=\"197b5cb\" data-element_type=\"widget\" data-e-type=\"widget\" data-widget_type=\"heading.default\">\n\t\t\t\t<div class=\"elementor-widget-container\">\n\t\t\t\t\t<h1 class=\"elementor-heading-title elementor-size-default\">Paneller ve Aksesuarlar<\/h1>\t\t\t\t<\/div>\n\t\t\t\t<\/div>\n\t\t\t\t<\/div>\n\t\t<div class=\"elementor-element elementor-element-1006083 e-flex e-con-boxed e-con e-parent\" data-id=\"1006083\" data-element_type=\"container\" data-e-type=\"container\">\n\t\t\t\t\t<div class=\"e-con-inner\">\n\t\t\t\t<div class=\"elementor-element elementor-element-f77aeb1 elementor-widget-divider--view-line elementor-widget elementor-widget-divider\" data-id=\"f77aeb1\" data-element_type=\"widget\" data-e-type=\"widget\" data-widget_type=\"divider.default\">\n\t\t\t\t<div class=\"elementor-widget-container\">\n\t\t\t\t\t\t\t<div class=\"elementor-divider\">\n\t\t\t<span class=\"elementor-divider-separator\">\n\t\t\t\t\t\t<\/span>\n\t\t<\/div>\n\t\t\t\t\t\t<\/div>\n\t\t\t\t<\/div>\n\t\t\t\t\t<\/div>\n\t\t\t\t<\/div>\n\t\t<div class=\"elementor-element elementor-element-7b22ee7 e-grid e-con-boxed e-con e-parent\" data-id=\"7b22ee7\" data-element_type=\"container\" data-e-type=\"container\">\n\t\t\t\t\t<div class=\"e-con-inner\">\n\t\t\t\t<div class=\"elementor-element elementor-element-a85d17e elementor-widget elementor-widget-image\" data-id=\"a85d17e\" data-element_type=\"widget\" data-e-type=\"widget\" data-widget_type=\"image.default\">\n\t\t\t\t<div class=\"elementor-widget-container\">\n\t\t\t\t\t\t\t\t\t\t\t\t<figure class=\"wp-caption\">\n\t\t\t\t\t\t\t\t\t\t\t<a href=\"https:\/\/www.alkur.com.tr\/?page_id=3866\">\n\t\t\t\t\t\t\t<img fetchpriority=\"high\" decoding=\"async\" width=\"300\" height=\"237\" src=\"https:\/\/www.alkur.com.tr\/wp-content\/uploads\/2025\/01\/iccc-300x237.jpg\" class=\"attachment-medium size-medium wp-image-6620\" alt=\"\" srcset=\"https:\/\/www.alkur.com.tr\/wp-content\/uploads\/2025\/01\/iccc-300x237.jpg 300w, https:\/\/www.alkur.com.tr\/wp-content\/uploads\/2025\/01\/iccc-1024x811.jpg 1024w, https:\/\/www.alkur.com.tr\/wp-content\/uploads\/2025\/01\/iccc-768x608.jpg 768w, https:\/\/www.alkur.com.tr\/wp-content\/uploads\/2025\/01\/iccc-1536x1216.jpg 1536w, https:\/\/www.alkur.com.tr\/wp-content\/uploads\/2025\/01\/iccc.jpg 1842w\" sizes=\"(max-width: 300px) 100vw, 300px\" \/>\t\t\t\t\t\t\t\t<\/a>\n\t\t\t\t\t\t\t\t\t\t\t<figcaption class=\"widget-image-caption wp-caption-text\">Paneller<\/figcaption>\n\t\t\t\t\t\t\t\t\t\t<\/figure>\n\t\t\t\t\t\t\t\t\t<\/div>\n\t\t\t\t<\/div>\n\t\t\t\t<div class=\"elementor-element elementor-element-2cb206b elementor-widget elementor-widget-image\" data-id=\"2cb206b\" data-element_type=\"widget\" data-e-type=\"widget\" data-widget_type=\"image.default\">\n\t\t\t\t<div class=\"elementor-widget-container\">\n\t\t\t\t\t\t\t\t\t\t\t\t<figure class=\"wp-caption\">\n\t\t\t\t\t\t\t\t\t\t\t<a href=\"https:\/\/www.alkur.com.tr\/?page_id=5329\">\n\t\t\t\t\t\t\t<img decoding=\"async\" width=\"300\" height=\"237\" src=\"https:\/\/www.alkur.com.tr\/wp-content\/uploads\/2024\/02\/aksesuarlar.png\" class=\"attachment-medium size-medium wp-image-5245\" alt=\"\" \/>\t\t\t\t\t\t\t\t<\/a>\n\t\t\t\t\t\t\t\t\t\t\t<figcaption class=\"widget-image-caption wp-caption-text\">Aksesuarlar<\/figcaption>\n\t\t\t\t\t\t\t\t\t\t<\/figure>\n\t\t\t\t\t\t\t\t\t<\/div>\n\t\t\t\t<\/div>\n\t\t\t\t\t<\/div>\n\t\t\t\t<\/div>\n\t\t<div class=\"elementor-element elementor-element-a2facd6 e-flex e-con-boxed e-con e-parent\" data-id=\"a2facd6\" data-element_type=\"container\" data-e-type=\"container\">\n\t\t\t\t\t<div class=\"e-con-inner\">\n\t\t\t\t<div class=\"elementor-element elementor-element-874e663 elementor-widget-divider--view-line elementor-widget elementor-widget-divider\" data-id=\"874e663\" data-element_type=\"widget\" data-e-type=\"widget\" data-widget_type=\"divider.default\">\n\t\t\t\t<div class=\"elementor-widget-container\">\n\t\t\t\t\t\t\t<div class=\"elementor-divider\">\n\t\t\t<span class=\"elementor-divider-separator\">\n\t\t\t\t\t\t<\/span>\n\t\t<\/div>\n\t\t\t\t\t\t<\/div>\n\t\t\t\t<\/div>\n\t\t\t\t\t<\/div>\n\t\t\t\t<\/div>\n\t\t\t\t<\/div>\n\t\t","protected":false},"excerpt":{"rendered":"<p>Paneller ve Aksesuarlar Paneller Aksesuarlar<\/p>\n","protected":false},"author":1,"featured_media":0,"parent":0,"menu_order":0,"comment_status":"closed","ping_status":"closed","template":"elementor_header_footer","meta":{"_joinchat":[],"footnotes":""},"class_list":["post-3475","page","type-page","status-publish","hentry"],"yoast_head":"<!-- This site is optimized with the Yoast SEO plugin v27.4 - https:\/\/yoast.com\/product\/yoast-seo-wordpress\/ -->\n<title>Paneller ve Aksesuarlar - Alkur Kap\u0131 Sistemleri<\/title>\n<meta name=\"robots\" content=\"index, follow, max-snippet:-1, max-image-preview:large, max-video-preview:-1\" \/>\n<link rel=\"canonical\" href=\"https:\/\/www.alkur.com.tr\/?page_id=3475\" \/>\n<meta property=\"og:locale\" content=\"tr_TR\" \/>\n<meta property=\"og:type\" content=\"article\" \/>\n<meta property=\"og:title\" content=\"Paneller ve Aksesuarlar - Alkur Kap\u0131 Sistemleri\" \/>\n<meta property=\"og:description\" content=\"Paneller ve Aksesuarlar Paneller Aksesuarlar\" \/>\n<meta property=\"og:url\" content=\"https:\/\/www.alkur.com.tr\/?page_id=3475\" \/>\n<meta property=\"og:site_name\" content=\"Alkur Kap\u0131 Sistemleri\" \/>\n<meta property=\"article:publisher\" content=\"https:\/\/www.facebook.com\/alkurkapisistemlerias\/\" \/>\n<meta property=\"article:modified_time\" content=\"2025-01-06T12:48:07+00:00\" \/>\n<meta property=\"og:image\" content=\"https:\/\/www.alkur.com.tr\/wp-content\/uploads\/2025\/01\/iccc.jpg\" \/>\n\t<meta property=\"og:image:width\" content=\"1842\" \/>\n\t<meta property=\"og:image:height\" content=\"1458\" \/>\n\t<meta property=\"og:image:type\" content=\"image\/jpeg\" \/>\n<meta name=\"twitter:card\" content=\"summary_large_image\" \/>\n<meta name=\"twitter:label1\" content=\"Tahmini okuma s\u00fcresi\" \/>\n\t<meta name=\"twitter:data1\" content=\"1 dakika\" \/>\n<script type=\"application\/ld+json\" class=\"yoast-schema-graph\">{\"@context\":\"https:\\\/\\\/schema.org\",\"@graph\":[{\"@type\":\"WebPage\",\"@id\":\"https:\\\/\\\/www.alkur.com.tr\\\/?page_id=3475\",\"url\":\"https:\\\/\\\/www.alkur.com.tr\\\/?page_id=3475\",\"name\":\"Paneller ve Aksesuarlar - Alkur Kap\u0131 Sistemleri\",\"isPartOf\":{\"@id\":\"https:\\\/\\\/www.alkur.com.tr\\\/#website\"},\"primaryImageOfPage\":{\"@id\":\"https:\\\/\\\/www.alkur.com.tr\\\/?page_id=3475#primaryimage\"},\"image\":{\"@id\":\"https:\\\/\\\/www.alkur.com.tr\\\/?page_id=3475#primaryimage\"},\"thumbnailUrl\":\"https:\\\/\\\/www.alkur.com.tr\\\/wp-content\\\/uploads\\\/2025\\\/01\\\/iccc-300x237.jpg\",\"datePublished\":\"2024-01-20T14:52:05+00:00\",\"dateModified\":\"2025-01-06T12:48:07+00:00\",\"breadcrumb\":{\"@id\":\"https:\\\/\\\/www.alkur.com.tr\\\/?page_id=3475#breadcrumb\"},\"inLanguage\":\"tr\",\"potentialAction\":[{\"@type\":\"ReadAction\",\"target\":[\"https:\\\/\\\/www.alkur.com.tr\\\/?page_id=3475\"]}]},{\"@type\":\"ImageObject\",\"inLanguage\":\"tr\",\"@id\":\"https:\\\/\\\/www.alkur.com.tr\\\/?page_id=3475#primaryimage\",\"url\":\"https:\\\/\\\/www.alkur.com.tr\\\/wp-content\\\/uploads\\\/2025\\\/01\\\/iccc.jpg\",\"contentUrl\":\"https:\\\/\\\/www.alkur.com.tr\\\/wp-content\\\/uploads\\\/2025\\\/01\\\/iccc.jpg\",\"width\":1842,\"height\":1458},{\"@type\":\"BreadcrumbList\",\"@id\":\"https:\\\/\\\/www.alkur.com.tr\\\/?page_id=3475#breadcrumb\",\"itemListElement\":[{\"@type\":\"ListItem\",\"position\":1,\"name\":\"Anasayfa\",\"item\":\"https:\\\/\\\/www.alkur.com.tr\\\/\"},{\"@type\":\"ListItem\",\"position\":2,\"name\":\"Paneller ve Aksesuarlar\"}]},{\"@type\":\"WebSite\",\"@id\":\"https:\\\/\\\/www.alkur.com.tr\\\/#website\",\"url\":\"https:\\\/\\\/www.alkur.com.tr\\\/\",\"name\":\"Alkur Kap\u0131 Sistemleri\",\"description\":\"Gelece\u011fe A&ccedil;\u0131lan Kap\u0131lar\",\"publisher\":{\"@id\":\"https:\\\/\\\/www.alkur.com.tr\\\/#organization\"},\"potentialAction\":[{\"@type\":\"SearchAction\",\"target\":{\"@type\":\"EntryPoint\",\"urlTemplate\":\"https:\\\/\\\/www.alkur.com.tr\\\/?s={search_term_string}\"},\"query-input\":{\"@type\":\"PropertyValueSpecification\",\"valueRequired\":true,\"valueName\":\"search_term_string\"}}],\"inLanguage\":\"tr\"},{\"@type\":\"Organization\",\"@id\":\"https:\\\/\\\/www.alkur.com.tr\\\/#organization\",\"name\":\"Alkur Kap\u0131 Sistemleri\",\"url\":\"https:\\\/\\\/www.alkur.com.tr\\\/\",\"logo\":{\"@type\":\"ImageObject\",\"inLanguage\":\"tr\",\"@id\":\"https:\\\/\\\/www.alkur.com.tr\\\/#\\\/schema\\\/logo\\\/image\\\/\",\"url\":\"https:\\\/\\\/www.alkur.com.tr\\\/wp-content\\\/uploads\\\/2024\\\/02\\\/alkur_kare_logo.png\",\"contentUrl\":\"https:\\\/\\\/www.alkur.com.tr\\\/wp-content\\\/uploads\\\/2024\\\/02\\\/alkur_kare_logo.png\",\"width\":300,\"height\":111,\"caption\":\"Alkur Kap\u0131 Sistemleri\"},\"image\":{\"@id\":\"https:\\\/\\\/www.alkur.com.tr\\\/#\\\/schema\\\/logo\\\/image\\\/\"},\"sameAs\":[\"https:\\\/\\\/www.facebook.com\\\/alkurkapisistemlerias\\\/\",\"https:\\\/\\\/www.instagram.com\\\/alkurkapi\\\/?hl=tr\",\"https:\\\/\\\/www.youtube.com\\\/channel\\\/UC-GvedsSMKecscBgR4sMyEw\"]}]}<\/script>\n<!-- \/ Yoast SEO plugin. -->","yoast_head_json":{"title":"Paneller ve Aksesuarlar - Alkur Kap\u0131 Sistemleri","robots":{"index":"index","follow":"follow","max-snippet":"max-snippet:-1","max-image-preview":"max-image-preview:large","max-video-preview":"max-video-preview:-1"},"canonical":"https:\/\/www.alkur.com.tr\/?page_id=3475","og_locale":"tr_TR","og_type":"article","og_title":"Paneller ve Aksesuarlar - Alkur Kap\u0131 Sistemleri","og_description":"Paneller ve Aksesuarlar Paneller Aksesuarlar","og_url":"https:\/\/www.alkur.com.tr\/?page_id=3475","og_site_name":"Alkur Kap\u0131 Sistemleri","article_publisher":"https:\/\/www.facebook.com\/alkurkapisistemlerias\/","article_modified_time":"2025-01-06T12:48:07+00:00","og_image":[{"width":1842,"height":1458,"url":"https:\/\/www.alkur.com.tr\/wp-content\/uploads\/2025\/01\/iccc.jpg","type":"image\/jpeg"}],"twitter_card":"summary_large_image","twitter_misc":{"Tahmini okuma s\u00fcresi":"1 dakika"},"schema":{"@context":"https:\/\/schema.org","@graph":[{"@type":"WebPage","@id":"https:\/\/www.alkur.com.tr\/?page_id=3475","url":"https:\/\/www.alkur.com.tr\/?page_id=3475","name":"Paneller ve Aksesuarlar - Alkur Kap\u0131 Sistemleri","isPartOf":{"@id":"https:\/\/www.alkur.com.tr\/#website"},"primaryImageOfPage":{"@id":"https:\/\/www.alkur.com.tr\/?page_id=3475#primaryimage"},"image":{"@id":"https:\/\/www.alkur.com.tr\/?page_id=3475#primaryimage"},"thumbnailUrl":"https:\/\/www.alkur.com.tr\/wp-content\/uploads\/2025\/01\/iccc-300x237.jpg","datePublished":"2024-01-20T14:52:05+00:00","dateModified":"2025-01-06T12:48:07+00:00","breadcrumb":{"@id":"https:\/\/www.alkur.com.tr\/?page_id=3475#breadcrumb"},"inLanguage":"tr","potentialAction":[{"@type":"ReadAction","target":["https:\/\/www.alkur.com.tr\/?page_id=3475"]}]},{"@type":"ImageObject","inLanguage":"tr","@id":"https:\/\/www.alkur.com.tr\/?page_id=3475#primaryimage","url":"https:\/\/www.alkur.com.tr\/wp-content\/uploads\/2025\/01\/iccc.jpg","contentUrl":"https:\/\/www.alkur.com.tr\/wp-content\/uploads\/2025\/01\/iccc.jpg","width":1842,"height":1458},{"@type":"BreadcrumbList","@id":"https:\/\/www.alkur.com.tr\/?page_id=3475#breadcrumb","itemListElement":[{"@type":"ListItem","position":1,"name":"Anasayfa","item":"https:\/\/www.alkur.com.tr\/"},{"@type":"ListItem","position":2,"name":"Paneller ve Aksesuarlar"}]},{"@type":"WebSite","@id":"https:\/\/www.alkur.com.tr\/#website","url":"https:\/\/www.alkur.com.tr\/","name":"Alkur Kap\u0131 Sistemleri","description":"Gelece\u011fe A&ccedil;\u0131lan Kap\u0131lar","publisher":{"@id":"https:\/\/www.alkur.com.tr\/#organization"},"potentialAction":[{"@type":"SearchAction","target":{"@type":"EntryPoint","urlTemplate":"https:\/\/www.alkur.com.tr\/?s={search_term_string}"},"query-input":{"@type":"PropertyValueSpecification","valueRequired":true,"valueName":"search_term_string"}}],"inLanguage":"tr"},{"@type":"Organization","@id":"https:\/\/www.alkur.com.tr\/#organization","name":"Alkur Kap\u0131 Sistemleri","url":"https:\/\/www.alkur.com.tr\/","logo":{"@type":"ImageObject","inLanguage":"tr","@id":"https:\/\/www.alkur.com.tr\/#\/schema\/logo\/image\/","url":"https:\/\/www.alkur.com.tr\/wp-content\/uploads\/2024\/02\/alkur_kare_logo.png","contentUrl":"https:\/\/www.alkur.com.tr\/wp-content\/uploads\/2024\/02\/alkur_kare_logo.png","width":300,"height":111,"caption":"Alkur Kap\u0131 Sistemleri"},"image":{"@id":"https:\/\/www.alkur.com.tr\/#\/schema\/logo\/image\/"},"sameAs":["https:\/\/www.facebook.com\/alkurkapisistemlerias\/","https:\/\/www.instagram.com\/alkurkapi\/?hl=tr","https:\/\/www.youtube.com\/channel\/UC-GvedsSMKecscBgR4sMyEw"]}]}},"_links":{"self":[{"href":"https:\/\/www.alkur.com.tr\/index.php?rest_route=\/wp\/v2\/pages\/3475","targetHints":{"allow":["GET"]}}],"collection":[{"href":"https:\/\/www.alkur.com.tr\/index.php?rest_route=\/wp\/v2\/pages"}],"about":[{"href":"https:\/\/www.alkur.com.tr\/index.php?rest_route=\/wp\/v2\/types\/page"}],"author":[{"embeddable":true,"href":"https:\/\/www.alkur.com.tr\/index.php?rest_route=\/wp\/v2\/users\/1"}],"replies":[{"embeddable":true,"href":"https:\/\/www.alkur.com.tr\/index.php?rest_route=%2Fwp%2Fv2%2Fcomments&post=3475"}],"version-history":[{"count":56,"href":"https:\/\/www.alkur.com.tr\/index.php?rest_route=\/wp\/v2\/pages\/3475\/revisions"}],"predecessor-version":[{"id":6623,"href":"https:\/\/www.alkur.com.tr\/index.php?rest_route=\/wp\/v2\/pages\/3475\/revisions\/6623"}],"wp:attachment":[{"href":"https:\/\/www.alkur.com.tr\/index.php?rest_route=%2Fwp%2Fv2%2Fmedia&parent=3475"}],"curies":[{"name":"wp","href":"https:\/\/api.w.org\/{rel}","templated":true}]}}