{"id":2374,"date":"2024-01-10T16:28:33","date_gmt":"2024-01-10T13:28:33","guid":{"rendered":"https:\/\/www.alkur.com.tr\/?page_id=2374"},"modified":"2025-09-22T15:25:38","modified_gmt":"2025-09-22T12:25:38","slug":"iletisim","status":"publish","type":"page","link":"https:\/\/www.alkur.com.tr\/?page_id=2374","title":{"rendered":"\u0130leti\u015fim"},"content":{"rendered":"\t\t<div data-elementor-type=\"wp-page\" data-elementor-id=\"2374\" class=\"elementor elementor-2374\" data-elementor-post-type=\"page\">\n\t\t\t\t<div class=\"elementor-element elementor-element-72fb43a e-grid e-con-full e-con e-parent\" data-id=\"72fb43a\" data-element_type=\"container\" data-e-type=\"container\" data-settings=\"{&quot;background_background&quot;:&quot;gradient&quot;}\">\n\t\t\t\t<div class=\"elementor-element elementor-element-596dadb elementor-widget elementor-widget-heading\" data-id=\"596dadb\" data-element_type=\"widget\" data-e-type=\"widget\" data-widget_type=\"heading.default\">\n\t\t\t\t<div class=\"elementor-widget-container\">\n\t\t\t\t\t<h1 class=\"elementor-heading-title elementor-size-default\">Bize Ula\u015f\u0131n<\/h1>\t\t\t\t<\/div>\n\t\t\t\t<\/div>\n\t\t\t\t<\/div>\n\t\t<div class=\"elementor-element elementor-element-4d94d02 e-con-full e-flex e-con e-parent\" data-id=\"4d94d02\" data-element_type=\"container\" data-e-type=\"container\">\n\t\t<div class=\"elementor-element elementor-element-3e0ec6a e-con-full e-flex e-con e-child\" data-id=\"3e0ec6a\" data-element_type=\"container\" data-e-type=\"container\">\n\t\t\t\t<div class=\"elementor-element elementor-element-9428a41 elementor-widget elementor-widget-heading\" data-id=\"9428a41\" data-element_type=\"widget\" data-e-type=\"widget\" data-widget_type=\"heading.default\">\n\t\t\t\t<div class=\"elementor-widget-container\">\n\t\t\t\t\t<h2 class=\"elementor-heading-title elementor-size-default\">Genel Merkez<\/h2>\t\t\t\t<\/div>\n\t\t\t\t<\/div>\n\t\t\t\t<\/div>\n\t\t<div class=\"elementor-element elementor-element-7191220 e-con-full e-flex e-con e-child\" data-id=\"7191220\" data-element_type=\"container\" data-e-type=\"container\">\n\t\t\t\t<div class=\"elementor-element elementor-element-c479234 elementor-widget elementor-widget-heading\" data-id=\"c479234\" data-element_type=\"widget\" data-e-type=\"widget\" data-widget_type=\"heading.default\">\n\t\t\t\t<div class=\"elementor-widget-container\">\n\t\t\t\t\t<h2 class=\"elementor-heading-title elementor-size-default\">Fabrika<\/h2>\t\t\t\t<\/div>\n\t\t\t\t<\/div>\n\t\t\t\t<\/div>\n\t\t<div class=\"elementor-element elementor-element-782a506 e-con-full e-flex e-con e-child\" data-id=\"782a506\" data-element_type=\"container\" data-e-type=\"container\">\n\t\t\t\t<div class=\"elementor-element elementor-element-3db2b0b google-map-section elementor-widget elementor-widget-text-editor\" data-id=\"3db2b0b\" data-element_type=\"widget\" data-e-type=\"widget\" data-widget_type=\"text-editor.default\">\n\t\t\t\t<div class=\"elementor-widget-container\">\n\t\t\t\t\t\t\t\t\t<div class=\"mapouter\">\n<div class=\"gmap_canvas\"><iframe src=\"https:\/\/www.google.com\/maps\/embed?pb=!1m18!1m12!1m3!1d3010.97435417258!2d29.153009676424947!3d41.00393451969185!2m3!1f0!2f0!3f0!3m2!1i1024!2i768!4f13.1!3m3!1m2!1s0x14cacf392434eecf%3A0x8213354f23bb53fc!2sAlkur%20Kap%C4%B1%20Sistemleri%20A.%C5%9E.!5e0!3m2!1str!2str!4v1707893324781!5m2!1str!2str\" width=\"600\" height=\"450\" style=\"border:0;\" allowfullscreen=\"\" loading=\"lazy\" referrerpolicy=\"no-referrer-when-downgrade\"><\/iframe><\/div>\n<\/div>\t\t\t\t\t\t\t\t<\/div>\n\t\t\t\t<\/div>\n\t\t\t\t<\/div>\n\t\t<div class=\"elementor-element elementor-element-6ee2c8c e-con-full e-flex e-con e-child\" data-id=\"6ee2c8c\" data-element_type=\"container\" data-e-type=\"container\">\n\t\t\t\t<div class=\"elementor-element elementor-element-b2fd045 google-map-section elementor-widget elementor-widget-text-editor\" data-id=\"b2fd045\" data-element_type=\"widget\" data-e-type=\"widget\" data-widget_type=\"text-editor.default\">\n\t\t\t\t<div class=\"elementor-widget-container\">\n\t\t\t\t\t\t\t\t\t<div class=\"mapouter\">\n<div class=\"gmap_canvas\"><iframe src=\"https:\/\/www.google.com\/maps\/embed?pb=!1m18!1m12!1m3!1d3022.0577822871724!2d30.637498776415395!3d40.76075383462891!2m3!1f0!2f0!3f0!3m2!1i1024!2i768!4f13.1!3m3!1m2!1s0x409d8bbefecc69d7%3A0x65c316faadb64b35!2sAlkur%20Kap%C4%B1%20Sistemleri%20A.%C5%9E.!5e0!3m2!1str!2str!4v1707897464933!5m2!1str!2str\" width=\"600\" height=\"450\" style=\"border:0;\" allowfullscreen=\"\" loading=\"lazy\" referrerpolicy=\"no-referrer-when-downgrade\"><\/iframe><\/div>\n<\/div>\t\t\t\t\t\t\t\t<\/div>\n\t\t\t\t<\/div>\n\t\t\t\t<\/div>\n\t\t\t\t<\/div>\n\t\t\t\t<section class=\"elementor-section elementor-top-section elementor-element elementor-element-1d01152 elementor-section-full_width elementor-section-height-default elementor-section-height-default\" data-id=\"1d01152\" data-element_type=\"section\" data-e-type=\"section\">\n\t\t\t\t\t\t<div class=\"elementor-container elementor-column-gap-no\">\n\t\t\t\t\t<div class=\"elementor-column elementor-col-100 elementor-top-column elementor-element elementor-element-341b597\" data-id=\"341b597\" data-element_type=\"column\" data-e-type=\"column\">\n\t\t\t<div class=\"elementor-widget-wrap elementor-element-populated\">\n\t\t\t\t\t\t<div class=\"elementor-element elementor-element-f87793a elementor-widget__width-inherit elementor-widget elementor-widget-dormatic_contact_section\" data-id=\"f87793a\" data-element_type=\"widget\" data-e-type=\"widget\" data-widget_type=\"dormatic_contact_section.default\">\n\t\t\t\t<div class=\"elementor-widget-container\">\n\t\t\t\t\t \r\n\t\t\t\t<section class=\"contact-section\">\r\n\t\t\t\t\t<div class=\"auto-container\">\r\n\t\t\t\t\t\t<div class=\"inner-content\">\r\n\t\t\t\t\t\t\t<div class=\"title-inner\">\r\n\t\t\t\t\t\t\t\t<div class=\"text\">\r\n\t\t\t\t\t\t\t\t\tB\u0130ZE ULA\u015eIN\t\t\t\t\t\t\t\t\t<p> <br>\nSize nas\u0131l yard\u0131mc\u0131 olabiliriz? <br>\nSorular\u0131n\u0131z\u0131, \u00f6nerilerinizi veya geri bildirimlerinizi bizimle payla\u015f\u0131n.Uzman ekibimiz, en k\u0131sa s\u00fcrede size geri d\u00f6n\u00fc\u015f yapacakt\u0131r.<\/p>\r\n\t\t\t\t\t\t\t\t<\/div>\r\n\t\t\t\t\t\t\t\t\t\t\t\t\t\t\t\t<div class=\"link\">\r\n\t\t\t\t\t\t\t\t\t<a href=\"\"   ><svg aria-hidden=\"true\" class=\"e-font-icon-svg e-fas-map-marker-alt\" viewBox=\"0 0 384 512\" xmlns=\"http:\/\/www.w3.org\/2000\/svg\"><path d=\"M172.268 501.67C26.97 291.031 0 269.413 0 192 0 85.961 85.961 0 192 0s192 85.961 192 192c0 77.413-26.97 99.031-172.268 309.67-9.535 13.774-29.93 13.773-39.464 0zM192 272c44.183 0 80-35.817 80-80s-35.817-80-80-80-80 35.817-80 80 35.817 80 80 80z\"><\/path><\/svg>ALKUR KAPI S\u0130STEMLER\u0130 \u0130LET\u0130\u015e\u0130M<\/a>\r\n\t\t\t\t\t\t\t\t<\/div>\r\n\t\t\t\t\t\t\t\t\t\t\t\t\t\t\t<\/div>\r\n\t\t\t\t\t\t\t\n<div class=\"wpcf7 no-js\" id=\"wpcf7-f698-o1\" lang=\"en-US\" dir=\"ltr\" data-wpcf7-id=\"698\">\n<div class=\"screen-reader-response\"><p role=\"status\" aria-live=\"polite\" aria-atomic=\"true\"><\/p> <ul><\/ul><\/div>\n<form action=\"\/index.php?rest_route=%2Fwp%2Fv2%2Fpages%2F2374#wpcf7-f698-o1\" method=\"post\" class=\"wpcf7-form init\" aria-label=\"Contact form\" novalidate=\"novalidate\" data-status=\"init\">\n<fieldset class=\"hidden-fields-container\"><input type=\"hidden\" name=\"_wpcf7\" value=\"698\" \/><input type=\"hidden\" name=\"_wpcf7_version\" value=\"6.1.5\" \/><input type=\"hidden\" name=\"_wpcf7_locale\" value=\"en_US\" \/><input type=\"hidden\" name=\"_wpcf7_unit_tag\" value=\"wpcf7-f698-o1\" \/><input type=\"hidden\" name=\"_wpcf7_container_post\" value=\"0\" \/><input type=\"hidden\" name=\"_wpcf7_posted_data_hash\" value=\"\" \/>\n<\/fieldset>\n<div class=\"default-form\">\n\t<div class=\"row clearfix\">\n\t\t<div class=\"col-lg-4 col-md-6 col-sm-12 form-group\">\n\t\t\t<p><span class=\"wpcf7-form-control-wrap\" data-name=\"your-name\"><input size=\"40\" maxlength=\"400\" class=\"wpcf7-form-control wpcf7-text wpcf7-validates-as-required\" aria-required=\"true\" aria-invalid=\"false\" placeholder=\"Ad\u0131n\u0131z Soyad\u0131n\u0131z *\" value=\"\" type=\"text\" name=\"your-name\" \/><\/span>\n\t\t\t<\/p>\n\t\t<\/div>\n\t\t<div class=\"col-lg-4 col-md-6 col-sm-12 form-group\">\n\t\t\t<p><span class=\"wpcf7-form-control-wrap\" data-name=\"your-email\"><input size=\"40\" maxlength=\"400\" class=\"wpcf7-form-control wpcf7-email wpcf7-validates-as-required wpcf7-text wpcf7-validates-as-email\" aria-required=\"true\" aria-invalid=\"false\" placeholder=\"Email *\" value=\"\" type=\"email\" name=\"your-email\" \/><\/span>\n\t\t\t<\/p>\n\t\t<\/div>\n\t\t<div class=\"col-lg-4 col-md-12 col-sm-12 form-group\">\n\t\t\t<p><span class=\"wpcf7-form-control-wrap\" data-name=\"your-phone\"><input size=\"40\" maxlength=\"400\" class=\"wpcf7-form-control wpcf7-text wpcf7-validates-as-required\" aria-required=\"true\" aria-invalid=\"false\" placeholder=\"Telefon *\" value=\"\" type=\"text\" name=\"your-phone\" \/><\/span>\n\t\t\t<\/p>\n\t\t<\/div>\n\t\t<div class=\"col-lg-4 col-md-12 col-sm-12 form-group\">\n\t\t\t<p><span class=\"wpcf7-form-control-wrap\" data-name=\"your-message\"><textarea cols=\"40\" rows=\"10\" maxlength=\"2000\" class=\"wpcf7-form-control wpcf7-textarea\" aria-invalid=\"false\" name=\"your-message\">Mesaj\u0131n\u0131z<\/textarea><\/span>\n\t\t\t<\/p>\n\t\t<\/div>\n\t\t<div class=\"col-lg-12 col-md-12 col-sm-12 form-group message-btn centred\">\n\t\t\t<p><button class=\"theme-btn-one wpcf7-form-control wpcf7-submit\" type=\"submit\"><span class=\"btn-shape\"><\/span>G\u00d6NDER<\/button>\n\t\t\t<\/p>\n\t\t<\/div>\n\t<\/div>\n<\/div><div class=\"wpcf7-response-output\" aria-hidden=\"true\"><\/div>\n<\/form>\n<\/div>\n\t\t\t\t\t\t<\/div>\r\n\t\t\t\t\t<\/div>\r\n\t\t\t\t<\/section>\r\n\t\t\t\t\r\n\t\t\t\t\t\t\t<\/div>\n\t\t\t\t<\/div>\n\t\t\t\t\t<\/div>\n\t\t<\/div>\n\t\t\t\t\t<\/div>\n\t\t<\/section>\n\t\t\t\t<section class=\"elementor-section elementor-top-section elementor-element elementor-element-97a5787 elementor-section-full_width elementor-section-height-default elementor-section-height-default\" data-id=\"97a5787\" data-element_type=\"section\" data-e-type=\"section\">\n\t\t\t\t\t\t<div class=\"elementor-container elementor-column-gap-no\">\n\t\t\t\t\t<div class=\"elementor-column elementor-col-100 elementor-top-column elementor-element elementor-element-52a2e55\" data-id=\"52a2e55\" data-element_type=\"column\" data-e-type=\"column\">\n\t\t\t<div class=\"elementor-widget-wrap elementor-element-populated\">\n\t\t\t\t\t\t<div class=\"elementor-element elementor-element-feab44b elementor-widget elementor-widget-dormatic_contact_info\" data-id=\"feab44b\" data-element_type=\"widget\" data-e-type=\"widget\" data-widget_type=\"dormatic_contact_info.default\">\n\t\t\t\t<div class=\"elementor-widget-container\">\n\t\t\t\t\t \r\n\t\t\t<section class=\"contact-info-two centred\">\r\n\t\t\t\t<div class=\"auto-container\">\r\n\t\t\t\t\t<div class=\"row clearfix\">\r\n\t\t\t\t\t\t\t\t\t\t\t\t<div class=\"col-lg-4 col-md-6 col-sm-12 info-column\">\r\n\t\t\t\t\t\t\t<div class=\"single-info-box\">\r\n\t\t\t\t\t\t\t\t<div class=\"icon-bg\"><svg aria-hidden=\"true\" class=\"e-font-icon-svg e-fas-map-marker-alt\" viewBox=\"0 0 384 512\" xmlns=\"http:\/\/www.w3.org\/2000\/svg\"><path d=\"M172.268 501.67C26.97 291.031 0 269.413 0 192 0 85.961 85.961 0 192 0s192 85.961 192 192c0 77.413-26.97 99.031-172.268 309.67-9.535 13.774-29.93 13.773-39.464 0zM192 272c44.183 0 80-35.817 80-80s-35.817-80-80-80-80 35.817-80 80 35.817 80 80 80z\"><\/path><\/svg><\/div>\r\n\t\t\t\t\t\t\t\t<div class=\"icon-box\">\r\n\t\t\t\t\t\t\t\t<div class=\"icon\"><svg aria-hidden=\"true\" class=\"e-font-icon-svg e-fas-map-marker-alt\" viewBox=\"0 0 384 512\" xmlns=\"http:\/\/www.w3.org\/2000\/svg\"><path d=\"M172.268 501.67C26.97 291.031 0 269.413 0 192 0 85.961 85.961 0 192 0s192 85.961 192 192c0 77.413-26.97 99.031-172.268 309.67-9.535 13.774-29.93 13.773-39.464 0zM192 272c44.183 0 80-35.817 80-80s-35.817-80-80-80-80 35.817-80 80 35.817 80 80 80z\"><\/path><\/svg><\/div>\r\n\t\t\t\t\t\t\t\t<\/div>\r\n\t\t\t\t\t\t\t\t<h3>Merkez Ofis<\/h3>\r\n\t\t\t\t\t\t\t\t<p>Mimar Sinan Mah. \u00dcsk\u00fcdar Cad. Yedpa Sit. 1H\/1 No:111 Ata\u015fehir\/\u0130stanbul<br>\n<br>\n\n<H3>Fabrika<\/h3>\n\n<paragraph>Kargal\u0131 Hanbaba Mh. Organize Sanayi  6.SK. NO:28 Hendek \/\u00a0Sakarya\u00a0\/ T\u00dcRK\u0130YE <\/paragraph>\n\n<\/p>\r\n\t\t\t\t\t\t\t<\/div>\r\n\t\t\t\t\t\t<\/div> \r\n\t\t\t\t\t\t\t\t\t\t\t\t<div class=\"col-lg-4 col-md-6 col-sm-12 info-column\">\r\n\t\t\t\t\t\t\t<div class=\"single-info-box\">\r\n\t\t\t\t\t\t\t\t<div class=\"icon-bg\"><svg aria-hidden=\"true\" class=\"e-font-icon-svg e-fas-phone\" viewBox=\"0 0 512 512\" xmlns=\"http:\/\/www.w3.org\/2000\/svg\"><path d=\"M493.4 24.6l-104-24c-11.3-2.6-22.9 3.3-27.5 13.9l-48 112c-4.2 9.8-1.4 21.3 6.9 28l60.6 49.6c-36 76.7-98.9 140.5-177.2 177.2l-49.6-60.6c-6.8-8.3-18.2-11.1-28-6.9l-112 48C3.9 366.5-2 378.1.6 389.4l24 104C27.1 504.2 36.7 512 48 512c256.1 0 464-207.5 464-464 0-11.2-7.7-20.9-18.6-23.4z\"><\/path><\/svg><\/div>\r\n\t\t\t\t\t\t\t\t<div class=\"icon-box\">\r\n\t\t\t\t\t\t\t\t<div class=\"icon\"><svg aria-hidden=\"true\" class=\"e-font-icon-svg e-fas-phone\" viewBox=\"0 0 512 512\" xmlns=\"http:\/\/www.w3.org\/2000\/svg\"><path d=\"M493.4 24.6l-104-24c-11.3-2.6-22.9 3.3-27.5 13.9l-48 112c-4.2 9.8-1.4 21.3 6.9 28l60.6 49.6c-36 76.7-98.9 140.5-177.2 177.2l-49.6-60.6c-6.8-8.3-18.2-11.1-28-6.9l-112 48C3.9 366.5-2 378.1.6 389.4l24 104C27.1 504.2 36.7 512 48 512c256.1 0 464-207.5 464-464 0-11.2-7.7-20.9-18.6-23.4z\"><\/path><\/svg><\/div>\r\n\t\t\t\t\t\t\t\t<\/div>\r\n\t\t\t\t\t\t\t\t<h3>Telefon<\/h3>\r\n\t\t\t\t\t\t\t\t<p>+90 (216) 471 17 30<br>\n<br>\n<br>\n<br>\n<br>\n\n\n +90 (264) 654 58 50<br>\n<br><br>\n\n<\/p>\r\n\t\t\t\t\t\t\t<\/div>\r\n\t\t\t\t\t\t<\/div> \r\n\t\t\t\t\t\t\t\t\t\t\t\t<div class=\"col-lg-4 col-md-6 col-sm-12 info-column\">\r\n\t\t\t\t\t\t\t<div class=\"single-info-box\">\r\n\t\t\t\t\t\t\t\t<div class=\"icon-bg\"><svg aria-hidden=\"true\" class=\"e-font-icon-svg e-far-envelope\" viewBox=\"0 0 512 512\" xmlns=\"http:\/\/www.w3.org\/2000\/svg\"><path d=\"M464 64H48C21.49 64 0 85.49 0 112v288c0 26.51 21.49 48 48 48h416c26.51 0 48-21.49 48-48V112c0-26.51-21.49-48-48-48zm0 48v40.805c-22.422 18.259-58.168 46.651-134.587 106.49-16.841 13.247-50.201 45.072-73.413 44.701-23.208.375-56.579-31.459-73.413-44.701C106.18 199.465 70.425 171.067 48 152.805V112h416zM48 400V214.398c22.914 18.251 55.409 43.862 104.938 82.646 21.857 17.205 60.134 55.186 103.062 54.955 42.717.231 80.509-37.199 103.053-54.947 49.528-38.783 82.032-64.401 104.947-82.653V400H48z\"><\/path><\/svg><\/div>\r\n\t\t\t\t\t\t\t\t<div class=\"icon-box\">\r\n\t\t\t\t\t\t\t\t<div class=\"icon\"><svg aria-hidden=\"true\" class=\"e-font-icon-svg e-far-envelope\" viewBox=\"0 0 512 512\" xmlns=\"http:\/\/www.w3.org\/2000\/svg\"><path d=\"M464 64H48C21.49 64 0 85.49 0 112v288c0 26.51 21.49 48 48 48h416c26.51 0 48-21.49 48-48V112c0-26.51-21.49-48-48-48zm0 48v40.805c-22.422 18.259-58.168 46.651-134.587 106.49-16.841 13.247-50.201 45.072-73.413 44.701-23.208.375-56.579-31.459-73.413-44.701C106.18 199.465 70.425 171.067 48 152.805V112h416zM48 400V214.398c22.914 18.251 55.409 43.862 104.938 82.646 21.857 17.205 60.134 55.186 103.062 54.955 42.717.231 80.509-37.199 103.053-54.947 49.528-38.783 82.032-64.401 104.947-82.653V400H48z\"><\/path><\/svg><\/div>\r\n\t\t\t\t\t\t\t\t<\/div>\r\n\t\t\t\t\t\t\t\t<h3>Mail<\/h3>\r\n\t\t\t\t\t\t\t\t<p>info@alkur.com.tr<br>\nsatis@alkur.com.tr<br>\nsales@alkur.com.tr<\/p>\r\n\t\t\t\t\t\t\t<\/div>\r\n\t\t\t\t\t\t<\/div> \r\n\t\t\t\t\t\t \t\t\t\t\t\r\n\t\t\t\t\t<\/div>\r\n\t\t\t\t\t<div class=\"other-text\"><h3><\/h3><\/div>\r\n\t\t\t\t<\/div>\r\n\t\t\t<\/section> \r\n\t\t\t\t\t\t<\/div>\n\t\t\t\t<\/div>\n\t\t\t\t\t<\/div>\n\t\t<\/div>\n\t\t\t\t\t<\/div>\n\t\t<\/section>\n\t\t\t\t<\/div>\n\t\t","protected":false},"excerpt":{"rendered":"<p>Bize Ula\u015f\u0131n Genel Merkez Fabrika B\u0130ZE ULA\u015eIN Size nas\u0131l yard\u0131mc\u0131 olabiliriz? Sorular\u0131n\u0131z\u0131, \u00f6nerilerinizi veya geri bildirimlerinizi bizimle payla\u015f\u0131n.Uzman ekibimiz, en k\u0131sa s\u00fcrede size geri d\u00f6n\u00fc\u015f yapacakt\u0131r. ALKUR KAPI S\u0130STEMLER\u0130 \u0130LET\u0130\u015e\u0130M Mesaj\u0131n\u0131z G\u00d6NDER Merkez Ofis Mimar Sinan Mah. \u00dcsk\u00fcdar Cad. Yedpa Sit. 1H\/1 No:111 Ata\u015fehir\/\u0130stanbul Fabrika Kargal\u0131 Hanbaba Mh. Organize Sanayi 6.SK. NO:28 Hendek \/\u00a0Sakarya\u00a0\/ T\u00dcRK\u0130YE [&hellip;]<\/p>\n","protected":false},"author":1,"featured_media":0,"parent":0,"menu_order":0,"comment_status":"closed","ping_status":"closed","template":"elementor_header_footer","meta":{"_joinchat":[],"footnotes":""},"class_list":["post-2374","page","type-page","status-publish","hentry"],"yoast_head":"<!-- This site is optimized with the Yoast SEO plugin v27.4 - https:\/\/yoast.com\/product\/yoast-seo-wordpress\/ -->\n<title>\u0130leti\u015fim - Alkur Kap\u0131 Sistemleri<\/title>\n<meta name=\"robots\" content=\"index, follow, max-snippet:-1, max-image-preview:large, max-video-preview:-1\" \/>\n<link rel=\"canonical\" href=\"https:\/\/www.alkur.com.tr\/?page_id=2374\" \/>\n<meta property=\"og:locale\" content=\"tr_TR\" \/>\n<meta property=\"og:type\" content=\"article\" \/>\n<meta property=\"og:title\" content=\"\u0130leti\u015fim - Alkur Kap\u0131 Sistemleri\" \/>\n<meta property=\"og:description\" content=\"Bize Ula\u015f\u0131n Genel Merkez Fabrika B\u0130ZE ULA\u015eIN Size nas\u0131l yard\u0131mc\u0131 olabiliriz? Sorular\u0131n\u0131z\u0131, \u00f6nerilerinizi veya geri bildirimlerinizi bizimle payla\u015f\u0131n.Uzman ekibimiz, en k\u0131sa s\u00fcrede size geri d\u00f6n\u00fc\u015f yapacakt\u0131r. ALKUR KAPI S\u0130STEMLER\u0130 \u0130LET\u0130\u015e\u0130M Mesaj\u0131n\u0131z G\u00d6NDER Merkez Ofis Mimar Sinan Mah. \u00dcsk\u00fcdar Cad. Yedpa Sit. 1H\/1 No:111 Ata\u015fehir\/\u0130stanbul Fabrika Kargal\u0131 Hanbaba Mh. Organize Sanayi 6.SK. NO:28 Hendek \/\u00a0Sakarya\u00a0\/ T\u00dcRK\u0130YE [&hellip;]\" \/>\n<meta property=\"og:url\" content=\"https:\/\/www.alkur.com.tr\/?page_id=2374\" \/>\n<meta property=\"og:site_name\" content=\"Alkur Kap\u0131 Sistemleri\" \/>\n<meta property=\"article:publisher\" content=\"https:\/\/www.facebook.com\/alkurkapisistemlerias\/\" \/>\n<meta property=\"article:modified_time\" content=\"2025-09-22T12:25:38+00:00\" \/>\n<meta name=\"twitter:card\" content=\"summary_large_image\" \/>\n<meta name=\"twitter:label1\" content=\"Tahmini okuma s\u00fcresi\" \/>\n\t<meta name=\"twitter:data1\" content=\"1 dakika\" \/>\n<script type=\"application\/ld+json\" class=\"yoast-schema-graph\">{\"@context\":\"https:\\\/\\\/schema.org\",\"@graph\":[{\"@type\":\"WebPage\",\"@id\":\"https:\\\/\\\/www.alkur.com.tr\\\/?page_id=2374\",\"url\":\"https:\\\/\\\/www.alkur.com.tr\\\/?page_id=2374\",\"name\":\"\u0130leti\u015fim - Alkur Kap\u0131 Sistemleri\",\"isPartOf\":{\"@id\":\"https:\\\/\\\/www.alkur.com.tr\\\/#website\"},\"datePublished\":\"2024-01-10T13:28:33+00:00\",\"dateModified\":\"2025-09-22T12:25:38+00:00\",\"breadcrumb\":{\"@id\":\"https:\\\/\\\/www.alkur.com.tr\\\/?page_id=2374#breadcrumb\"},\"inLanguage\":\"tr\",\"potentialAction\":[{\"@type\":\"ReadAction\",\"target\":[\"https:\\\/\\\/www.alkur.com.tr\\\/?page_id=2374\"]}]},{\"@type\":\"BreadcrumbList\",\"@id\":\"https:\\\/\\\/www.alkur.com.tr\\\/?page_id=2374#breadcrumb\",\"itemListElement\":[{\"@type\":\"ListItem\",\"position\":1,\"name\":\"Anasayfa\",\"item\":\"https:\\\/\\\/www.alkur.com.tr\\\/\"},{\"@type\":\"ListItem\",\"position\":2,\"name\":\"\u0130leti\u015fim\"}]},{\"@type\":\"WebSite\",\"@id\":\"https:\\\/\\\/www.alkur.com.tr\\\/#website\",\"url\":\"https:\\\/\\\/www.alkur.com.tr\\\/\",\"name\":\"Alkur Kap\u0131 Sistemleri\",\"description\":\"Gelece\u011fe A&ccedil;\u0131lan Kap\u0131lar\",\"publisher\":{\"@id\":\"https:\\\/\\\/www.alkur.com.tr\\\/#organization\"},\"potentialAction\":[{\"@type\":\"SearchAction\",\"target\":{\"@type\":\"EntryPoint\",\"urlTemplate\":\"https:\\\/\\\/www.alkur.com.tr\\\/?s={search_term_string}\"},\"query-input\":{\"@type\":\"PropertyValueSpecification\",\"valueRequired\":true,\"valueName\":\"search_term_string\"}}],\"inLanguage\":\"tr\"},{\"@type\":\"Organization\",\"@id\":\"https:\\\/\\\/www.alkur.com.tr\\\/#organization\",\"name\":\"Alkur Kap\u0131 Sistemleri\",\"url\":\"https:\\\/\\\/www.alkur.com.tr\\\/\",\"logo\":{\"@type\":\"ImageObject\",\"inLanguage\":\"tr\",\"@id\":\"https:\\\/\\\/www.alkur.com.tr\\\/#\\\/schema\\\/logo\\\/image\\\/\",\"url\":\"https:\\\/\\\/www.alkur.com.tr\\\/wp-content\\\/uploads\\\/2024\\\/02\\\/alkur_kare_logo.png\",\"contentUrl\":\"https:\\\/\\\/www.alkur.com.tr\\\/wp-content\\\/uploads\\\/2024\\\/02\\\/alkur_kare_logo.png\",\"width\":300,\"height\":111,\"caption\":\"Alkur Kap\u0131 Sistemleri\"},\"image\":{\"@id\":\"https:\\\/\\\/www.alkur.com.tr\\\/#\\\/schema\\\/logo\\\/image\\\/\"},\"sameAs\":[\"https:\\\/\\\/www.facebook.com\\\/alkurkapisistemlerias\\\/\",\"https:\\\/\\\/www.instagram.com\\\/alkurkapi\\\/?hl=tr\",\"https:\\\/\\\/www.youtube.com\\\/channel\\\/UC-GvedsSMKecscBgR4sMyEw\"]}]}<\/script>\n<!-- \/ Yoast SEO plugin. -->","yoast_head_json":{"title":"\u0130leti\u015fim - Alkur Kap\u0131 Sistemleri","robots":{"index":"index","follow":"follow","max-snippet":"max-snippet:-1","max-image-preview":"max-image-preview:large","max-video-preview":"max-video-preview:-1"},"canonical":"https:\/\/www.alkur.com.tr\/?page_id=2374","og_locale":"tr_TR","og_type":"article","og_title":"\u0130leti\u015fim - Alkur Kap\u0131 Sistemleri","og_description":"Bize Ula\u015f\u0131n Genel Merkez Fabrika B\u0130ZE ULA\u015eIN Size nas\u0131l yard\u0131mc\u0131 olabiliriz? Sorular\u0131n\u0131z\u0131, \u00f6nerilerinizi veya geri bildirimlerinizi bizimle payla\u015f\u0131n.Uzman ekibimiz, en k\u0131sa s\u00fcrede size geri d\u00f6n\u00fc\u015f yapacakt\u0131r. ALKUR KAPI S\u0130STEMLER\u0130 \u0130LET\u0130\u015e\u0130M Mesaj\u0131n\u0131z G\u00d6NDER Merkez Ofis Mimar Sinan Mah. \u00dcsk\u00fcdar Cad. Yedpa Sit. 1H\/1 No:111 Ata\u015fehir\/\u0130stanbul Fabrika Kargal\u0131 Hanbaba Mh. Organize Sanayi 6.SK. NO:28 Hendek \/\u00a0Sakarya\u00a0\/ T\u00dcRK\u0130YE [&hellip;]","og_url":"https:\/\/www.alkur.com.tr\/?page_id=2374","og_site_name":"Alkur Kap\u0131 Sistemleri","article_publisher":"https:\/\/www.facebook.com\/alkurkapisistemlerias\/","article_modified_time":"2025-09-22T12:25:38+00:00","twitter_card":"summary_large_image","twitter_misc":{"Tahmini okuma s\u00fcresi":"1 dakika"},"schema":{"@context":"https:\/\/schema.org","@graph":[{"@type":"WebPage","@id":"https:\/\/www.alkur.com.tr\/?page_id=2374","url":"https:\/\/www.alkur.com.tr\/?page_id=2374","name":"\u0130leti\u015fim - Alkur Kap\u0131 Sistemleri","isPartOf":{"@id":"https:\/\/www.alkur.com.tr\/#website"},"datePublished":"2024-01-10T13:28:33+00:00","dateModified":"2025-09-22T12:25:38+00:00","breadcrumb":{"@id":"https:\/\/www.alkur.com.tr\/?page_id=2374#breadcrumb"},"inLanguage":"tr","potentialAction":[{"@type":"ReadAction","target":["https:\/\/www.alkur.com.tr\/?page_id=2374"]}]},{"@type":"BreadcrumbList","@id":"https:\/\/www.alkur.com.tr\/?page_id=2374#breadcrumb","itemListElement":[{"@type":"ListItem","position":1,"name":"Anasayfa","item":"https:\/\/www.alkur.com.tr\/"},{"@type":"ListItem","position":2,"name":"\u0130leti\u015fim"}]},{"@type":"WebSite","@id":"https:\/\/www.alkur.com.tr\/#website","url":"https:\/\/www.alkur.com.tr\/","name":"Alkur Kap\u0131 Sistemleri","description":"Gelece\u011fe A&ccedil;\u0131lan Kap\u0131lar","publisher":{"@id":"https:\/\/www.alkur.com.tr\/#organization"},"potentialAction":[{"@type":"SearchAction","target":{"@type":"EntryPoint","urlTemplate":"https:\/\/www.alkur.com.tr\/?s={search_term_string}"},"query-input":{"@type":"PropertyValueSpecification","valueRequired":true,"valueName":"search_term_string"}}],"inLanguage":"tr"},{"@type":"Organization","@id":"https:\/\/www.alkur.com.tr\/#organization","name":"Alkur Kap\u0131 Sistemleri","url":"https:\/\/www.alkur.com.tr\/","logo":{"@type":"ImageObject","inLanguage":"tr","@id":"https:\/\/www.alkur.com.tr\/#\/schema\/logo\/image\/","url":"https:\/\/www.alkur.com.tr\/wp-content\/uploads\/2024\/02\/alkur_kare_logo.png","contentUrl":"https:\/\/www.alkur.com.tr\/wp-content\/uploads\/2024\/02\/alkur_kare_logo.png","width":300,"height":111,"caption":"Alkur Kap\u0131 Sistemleri"},"image":{"@id":"https:\/\/www.alkur.com.tr\/#\/schema\/logo\/image\/"},"sameAs":["https:\/\/www.facebook.com\/alkurkapisistemlerias\/","https:\/\/www.instagram.com\/alkurkapi\/?hl=tr","https:\/\/www.youtube.com\/channel\/UC-GvedsSMKecscBgR4sMyEw"]}]}},"_links":{"self":[{"href":"https:\/\/www.alkur.com.tr\/index.php?rest_route=\/wp\/v2\/pages\/2374","targetHints":{"allow":["GET"]}}],"collection":[{"href":"https:\/\/www.alkur.com.tr\/index.php?rest_route=\/wp\/v2\/pages"}],"about":[{"href":"https:\/\/www.alkur.com.tr\/index.php?rest_route=\/wp\/v2\/types\/page"}],"author":[{"embeddable":true,"href":"https:\/\/www.alkur.com.tr\/index.php?rest_route=\/wp\/v2\/users\/1"}],"replies":[{"embeddable":true,"href":"https:\/\/www.alkur.com.tr\/index.php?rest_route=%2Fwp%2Fv2%2Fcomments&post=2374"}],"version-history":[{"count":85,"href":"https:\/\/www.alkur.com.tr\/index.php?rest_route=\/wp\/v2\/pages\/2374\/revisions"}],"predecessor-version":[{"id":6721,"href":"https:\/\/www.alkur.com.tr\/index.php?rest_route=\/wp\/v2\/pages\/2374\/revisions\/6721"}],"wp:attachment":[{"href":"https:\/\/www.alkur.com.tr\/index.php?rest_route=%2Fwp%2Fv2%2Fmedia&parent=2374"}],"curies":[{"name":"wp","href":"https:\/\/api.w.org\/{rel}","templated":true}]}}