{"id":1335,"date":"2021-02-11T07:13:11","date_gmt":"2021-02-11T07:13:11","guid":{"rendered":"https:\/\/www.alkur.com.tr\/?page_id=1335"},"modified":"2024-02-11T21:42:26","modified_gmt":"2024-02-11T18:42:26","slug":"about-block-03","status":"publish","type":"page","link":"https:\/\/www.alkur.com.tr\/?page_id=1335","title":{"rendered":"Kalite ve Y\u00f6netim Politikam\u0131z"},"content":{"rendered":"\t\t<div data-elementor-type=\"wp-page\" data-elementor-id=\"1335\" class=\"elementor elementor-1335\" data-elementor-post-type=\"page\">\n\t\t\t\t<div class=\"elementor-element elementor-element-595a558 e-grid e-con-full e-con e-parent\" data-id=\"595a558\" data-element_type=\"container\" data-e-type=\"container\">\n\t\t\t\t<div class=\"elementor-element elementor-element-2a752b9 elementor-widget elementor-widget-heading\" data-id=\"2a752b9\" data-element_type=\"widget\" data-e-type=\"widget\" data-widget_type=\"heading.default\">\n\t\t\t\t<div class=\"elementor-widget-container\">\n\t\t\t\t\t<h1 class=\"elementor-heading-title elementor-size-default\">Kalite Ve Y\u00f6netim Politikam\u0131z<\/h1>\t\t\t\t<\/div>\n\t\t\t\t<\/div>\n\t\t\t\t<\/div>\n\t\t<div class=\"elementor-element elementor-element-db3b1b9 e-con-full e-flex e-con e-parent\" data-id=\"db3b1b9\" data-element_type=\"container\" data-e-type=\"container\">\n\t\t<div class=\"elementor-element elementor-element-7a6e8bb e-con-full e-flex e-con e-child\" data-id=\"7a6e8bb\" data-element_type=\"container\" data-e-type=\"container\">\n\t\t\t\t<div class=\"elementor-element elementor-element-d476048 elementor-widget__width-initial elementor-widget elementor-widget-image\" data-id=\"d476048\" data-element_type=\"widget\" data-e-type=\"widget\" data-widget_type=\"image.default\">\n\t\t\t\t<div class=\"elementor-widget-container\">\n\t\t\t\t\t\t\t\t\t\t\t\t\t\t\t<img fetchpriority=\"high\" decoding=\"async\" width=\"299\" height=\"585\" src=\"https:\/\/www.alkur.com.tr\/wp-content\/uploads\/2024\/01\/KALITE.png\" class=\"attachment-large size-large wp-image-3070\" alt=\"\" \/>\t\t\t\t\t\t\t\t\t\t\t\t\t\t\t<\/div>\n\t\t\t\t<\/div>\n\t\t\t\t<\/div>\n\t\t<div class=\"elementor-element elementor-element-9d107a7 e-con-full e-flex e-con e-child\" data-id=\"9d107a7\" data-element_type=\"container\" data-e-type=\"container\">\n\t\t\t\t<div class=\"elementor-element elementor-element-dd225b0 elementor-widget__width-initial elementor-widget elementor-widget-text-editor\" data-id=\"dd225b0\" data-element_type=\"widget\" data-e-type=\"widget\" data-widget_type=\"text-editor.default\">\n\t\t\t\t<div class=\"elementor-widget-container\">\n\t\t\t\t\t\t\t\t\t<p>ALKUR Kap\u0131 Sistemleri A.\u015e. olarak, \u00fcretimde en uygun maliyet ve \u00fcst\u00fcn kalite seviyesini m\u00fc\u015fterilerimize sunmak, ko\u015fulsuz m\u00fc\u015fteri memnuniyetinin yan\u0131nda \u00e7al\u0131\u015fanlar\u0131n memnuniyetini sa\u011flamak, personel geli\u015fimi ve verimlili\u011fini artt\u0131rmak amac\u0131yla e\u011fitim faaliyetlerine \u00f6nem vermek, s\u00fcrekli geli\u015fme anlay\u0131\u015f\u0131 ile kalite sistemimizin ve \u00fcr\u00fcn kalitemizin geli\u015fimini sa\u011flamak temel ilkemizdir.<\/p><p>T\u00fcm bu \u00e7al\u0131\u015fmalar\u0131 yaparken, kalite hedeflerini belirleyip takibini sa\u011flayarak, yasal mevzuat,yasa,y\u00f6netmelik ve standartlara uygun \u00fcretim yaparak, y\u00fcksek \u00e7evre koruma bilinci ile davran\u0131p, do\u011fal kaynak kullan\u0131m\u0131n\u0131 ve \u00e7evreye olan di\u011fer etkilerimizi minimuma indirerek ve personel sa\u011fl\u0131\u011f\u0131 ile g\u00fcvenli\u011fini koruma alt\u0131na alan, \u00dcr\u00fcn Ve Hizmetlerin Uygunlu\u011funu Etkileyecek Risk Ve F\u0131rsatlar\u0131 belirleyerek s\u00fcrekli geli\u015fim projeleri olu\u015fturup yayg\u0131nla\u015ft\u0131raca\u011f\u0131z.<\/p><p>Faaliyetlerimizde, rehber olarak \u201cISO 9001:2015\u201d Standard\u0131n\u0131 kullanacak, t\u00fcm d\u00fcnyada kabul g\u00f6rm\u00fc\u015f \u00f6l\u00e7me ve iyile\u015ftirme ara\u00e7lar\u0131ndan faydalanaca\u011f\u0131z.<\/p><p>Belirtilen ilkelerimizin uygulanaca\u011f\u0131n\u0131 ve s\u00fcreklili\u011finin sa\u011flanaca\u011f\u0131n\u0131 taahh\u00fct ederiz.ALKUR Kap\u0131 Sistemleri A.\u015e. olarak, \u00fcretimde en uygun maliyet ve \u00fcst\u00fcn kalite seviyesini m\u00fc\u015fterilerimize sunmak, ko\u015fulsuz m\u00fc\u015fteri memnuniyetinin yan\u0131nda \u00e7al\u0131\u015fanlar\u0131n memnuniyetini sa\u011flamak, personel geli\u015fimi ve verimlili\u011fini artt\u0131rmak amac\u0131yla e\u011fitim faaliyetlerine \u00f6nem vermek, s\u00fcrekli geli\u015fme anlay\u0131\u015f\u0131 ile kalite sistemimizin ve \u00fcr\u00fcn kalitemizin geli\u015fimini sa\u011flamak temel ilkemizdir.<\/p><p>T\u00fcm bu \u00e7al\u0131\u015fmalar\u0131 yaparken, kalite hedeflerini belirleyip takibini sa\u011flayarak, yasal mevzuat,yasa,y\u00f6netmelik ve standartlara uygun \u00fcretim yaparak, y\u00fcksek \u00e7evre koruma bilinci ile davran\u0131p, do\u011fal kaynak kullan\u0131m\u0131n\u0131 ve \u00e7evreye olan di\u011fer etkilerimizi minimuma indirerek ve personel sa\u011fl\u0131\u011f\u0131 ile g\u00fcvenli\u011fini koruma alt\u0131na alan, \u00dcr\u00fcn Ve Hizmetlerin Uygunlu\u011funu Etkileyecek Risk Ve F\u0131rsatlar\u0131 belirleyerek s\u00fcrekli geli\u015fim projeleri olu\u015fturup yayg\u0131nla\u015ft\u0131raca\u011f\u0131z.<\/p><p>Faaliyetlerimizde, rehber olarak \u201cISO 9001:2015\u201d Standard\u0131n\u0131 kullanacak, t\u00fcm d\u00fcnyada kabul g\u00f6rm\u00fc\u015f \u00f6l\u00e7me ve iyile\u015ftirme ara\u00e7lar\u0131ndan faydalanaca\u011f\u0131z.<span style=\"text-align: var(--text-align);\">Belirtilen ilkelerimizin uygulanaca\u011f\u0131n\u0131 ve s\u00fcreklili\u011finin sa\u011flanaca\u011f\u0131n\u0131 taahh\u00fct ederiz<\/span><\/p>\t\t\t\t\t\t\t\t<\/div>\n\t\t\t\t<\/div>\n\t\t\t\t<\/div>\n\t\t\t\t<\/div>\n\t\t\t\t<\/div>\n\t\t","protected":false},"excerpt":{"rendered":"<p>Kalite Ve Y\u00f6netim Politikam\u0131z ALKUR Kap\u0131 Sistemleri A.\u015e. olarak, \u00fcretimde en uygun maliyet ve \u00fcst\u00fcn kalite seviyesini m\u00fc\u015fterilerimize sunmak, ko\u015fulsuz m\u00fc\u015fteri memnuniyetinin yan\u0131nda \u00e7al\u0131\u015fanlar\u0131n memnuniyetini sa\u011flamak, personel geli\u015fimi ve verimlili\u011fini artt\u0131rmak amac\u0131yla e\u011fitim faaliyetlerine \u00f6nem vermek, s\u00fcrekli geli\u015fme anlay\u0131\u015f\u0131 ile kalite sistemimizin ve \u00fcr\u00fcn kalitemizin geli\u015fimini sa\u011flamak temel ilkemizdir. T\u00fcm bu \u00e7al\u0131\u015fmalar\u0131 yaparken, kalite hedeflerini [&hellip;]<\/p>\n","protected":false},"author":1,"featured_media":2720,"parent":0,"menu_order":0,"comment_status":"closed","ping_status":"closed","template":"elementor_header_footer","meta":{"_joinchat":[],"footnotes":""},"class_list":["post-1335","page","type-page","status-publish","has-post-thumbnail","hentry"],"yoast_head":"<!-- This site is optimized with the Yoast SEO plugin v27.4 - https:\/\/yoast.com\/product\/yoast-seo-wordpress\/ -->\n<title>Kalite ve Y\u00f6netim Politikam\u0131z - Alkur Kap\u0131 Sistemleri<\/title>\n<meta name=\"robots\" content=\"index, follow, max-snippet:-1, max-image-preview:large, max-video-preview:-1\" \/>\n<link rel=\"canonical\" href=\"https:\/\/www.alkur.com.tr\/?page_id=1335\" \/>\n<meta property=\"og:locale\" content=\"tr_TR\" \/>\n<meta property=\"og:type\" content=\"article\" \/>\n<meta property=\"og:title\" content=\"Kalite ve Y\u00f6netim Politikam\u0131z - Alkur Kap\u0131 Sistemleri\" \/>\n<meta property=\"og:description\" content=\"Kalite Ve Y\u00f6netim Politikam\u0131z ALKUR Kap\u0131 Sistemleri A.\u015e. olarak, \u00fcretimde en uygun maliyet ve \u00fcst\u00fcn kalite seviyesini m\u00fc\u015fterilerimize sunmak, ko\u015fulsuz m\u00fc\u015fteri memnuniyetinin yan\u0131nda \u00e7al\u0131\u015fanlar\u0131n memnuniyetini sa\u011flamak, personel geli\u015fimi ve verimlili\u011fini artt\u0131rmak amac\u0131yla e\u011fitim faaliyetlerine \u00f6nem vermek, s\u00fcrekli geli\u015fme anlay\u0131\u015f\u0131 ile kalite sistemimizin ve \u00fcr\u00fcn kalitemizin geli\u015fimini sa\u011flamak temel ilkemizdir. T\u00fcm bu \u00e7al\u0131\u015fmalar\u0131 yaparken, kalite hedeflerini [&hellip;]\" \/>\n<meta property=\"og:url\" content=\"https:\/\/www.alkur.com.tr\/?page_id=1335\" \/>\n<meta property=\"og:site_name\" content=\"Alkur Kap\u0131 Sistemleri\" \/>\n<meta property=\"article:publisher\" content=\"https:\/\/www.facebook.com\/alkurkapisistemlerias\/\" \/>\n<meta property=\"article:modified_time\" content=\"2024-02-11T18:42:26+00:00\" \/>\n<meta property=\"og:image\" content=\"https:\/\/www.alkur.com.tr\/wp-content\/uploads\/2024\/01\/banner2.png\" \/>\n\t<meta property=\"og:image:width\" content=\"9000\" \/>\n\t<meta property=\"og:image:height\" content=\"1743\" \/>\n\t<meta property=\"og:image:type\" content=\"image\/png\" \/>\n<meta name=\"twitter:card\" content=\"summary_large_image\" \/>\n<meta name=\"twitter:label1\" content=\"Tahmini okuma s\u00fcresi\" \/>\n\t<meta name=\"twitter:data1\" content=\"2 dakika\" \/>\n<script type=\"application\/ld+json\" class=\"yoast-schema-graph\">{\"@context\":\"https:\\\/\\\/schema.org\",\"@graph\":[{\"@type\":\"WebPage\",\"@id\":\"https:\\\/\\\/www.alkur.com.tr\\\/?page_id=1335\",\"url\":\"https:\\\/\\\/www.alkur.com.tr\\\/?page_id=1335\",\"name\":\"Kalite ve Y\u00f6netim Politikam\u0131z - Alkur Kap\u0131 Sistemleri\",\"isPartOf\":{\"@id\":\"https:\\\/\\\/www.alkur.com.tr\\\/#website\"},\"primaryImageOfPage\":{\"@id\":\"https:\\\/\\\/www.alkur.com.tr\\\/?page_id=1335#primaryimage\"},\"image\":{\"@id\":\"https:\\\/\\\/www.alkur.com.tr\\\/?page_id=1335#primaryimage\"},\"thumbnailUrl\":\"https:\\\/\\\/www.alkur.com.tr\\\/wp-content\\\/uploads\\\/2024\\\/01\\\/banner2.png\",\"datePublished\":\"2021-02-11T07:13:11+00:00\",\"dateModified\":\"2024-02-11T18:42:26+00:00\",\"breadcrumb\":{\"@id\":\"https:\\\/\\\/www.alkur.com.tr\\\/?page_id=1335#breadcrumb\"},\"inLanguage\":\"tr\",\"potentialAction\":[{\"@type\":\"ReadAction\",\"target\":[\"https:\\\/\\\/www.alkur.com.tr\\\/?page_id=1335\"]}]},{\"@type\":\"ImageObject\",\"inLanguage\":\"tr\",\"@id\":\"https:\\\/\\\/www.alkur.com.tr\\\/?page_id=1335#primaryimage\",\"url\":\"https:\\\/\\\/www.alkur.com.tr\\\/wp-content\\\/uploads\\\/2024\\\/01\\\/banner2.png\",\"contentUrl\":\"https:\\\/\\\/www.alkur.com.tr\\\/wp-content\\\/uploads\\\/2024\\\/01\\\/banner2.png\",\"width\":9000,\"height\":1743},{\"@type\":\"BreadcrumbList\",\"@id\":\"https:\\\/\\\/www.alkur.com.tr\\\/?page_id=1335#breadcrumb\",\"itemListElement\":[{\"@type\":\"ListItem\",\"position\":1,\"name\":\"Anasayfa\",\"item\":\"https:\\\/\\\/www.alkur.com.tr\\\/\"},{\"@type\":\"ListItem\",\"position\":2,\"name\":\"Kalite ve Y\u00f6netim Politikam\u0131z\"}]},{\"@type\":\"WebSite\",\"@id\":\"https:\\\/\\\/www.alkur.com.tr\\\/#website\",\"url\":\"https:\\\/\\\/www.alkur.com.tr\\\/\",\"name\":\"Alkur Kap\u0131 Sistemleri\",\"description\":\"Gelece\u011fe A&ccedil;\u0131lan Kap\u0131lar\",\"publisher\":{\"@id\":\"https:\\\/\\\/www.alkur.com.tr\\\/#organization\"},\"potentialAction\":[{\"@type\":\"SearchAction\",\"target\":{\"@type\":\"EntryPoint\",\"urlTemplate\":\"https:\\\/\\\/www.alkur.com.tr\\\/?s={search_term_string}\"},\"query-input\":{\"@type\":\"PropertyValueSpecification\",\"valueRequired\":true,\"valueName\":\"search_term_string\"}}],\"inLanguage\":\"tr\"},{\"@type\":\"Organization\",\"@id\":\"https:\\\/\\\/www.alkur.com.tr\\\/#organization\",\"name\":\"Alkur Kap\u0131 Sistemleri\",\"url\":\"https:\\\/\\\/www.alkur.com.tr\\\/\",\"logo\":{\"@type\":\"ImageObject\",\"inLanguage\":\"tr\",\"@id\":\"https:\\\/\\\/www.alkur.com.tr\\\/#\\\/schema\\\/logo\\\/image\\\/\",\"url\":\"https:\\\/\\\/www.alkur.com.tr\\\/wp-content\\\/uploads\\\/2024\\\/02\\\/alkur_kare_logo.png\",\"contentUrl\":\"https:\\\/\\\/www.alkur.com.tr\\\/wp-content\\\/uploads\\\/2024\\\/02\\\/alkur_kare_logo.png\",\"width\":300,\"height\":111,\"caption\":\"Alkur Kap\u0131 Sistemleri\"},\"image\":{\"@id\":\"https:\\\/\\\/www.alkur.com.tr\\\/#\\\/schema\\\/logo\\\/image\\\/\"},\"sameAs\":[\"https:\\\/\\\/www.facebook.com\\\/alkurkapisistemlerias\\\/\",\"https:\\\/\\\/www.instagram.com\\\/alkurkapi\\\/?hl=tr\",\"https:\\\/\\\/www.youtube.com\\\/channel\\\/UC-GvedsSMKecscBgR4sMyEw\"]}]}<\/script>\n<!-- \/ Yoast SEO plugin. -->","yoast_head_json":{"title":"Kalite ve Y\u00f6netim Politikam\u0131z - Alkur Kap\u0131 Sistemleri","robots":{"index":"index","follow":"follow","max-snippet":"max-snippet:-1","max-image-preview":"max-image-preview:large","max-video-preview":"max-video-preview:-1"},"canonical":"https:\/\/www.alkur.com.tr\/?page_id=1335","og_locale":"tr_TR","og_type":"article","og_title":"Kalite ve Y\u00f6netim Politikam\u0131z - Alkur Kap\u0131 Sistemleri","og_description":"Kalite Ve Y\u00f6netim Politikam\u0131z ALKUR Kap\u0131 Sistemleri A.\u015e. olarak, \u00fcretimde en uygun maliyet ve \u00fcst\u00fcn kalite seviyesini m\u00fc\u015fterilerimize sunmak, ko\u015fulsuz m\u00fc\u015fteri memnuniyetinin yan\u0131nda \u00e7al\u0131\u015fanlar\u0131n memnuniyetini sa\u011flamak, personel geli\u015fimi ve verimlili\u011fini artt\u0131rmak amac\u0131yla e\u011fitim faaliyetlerine \u00f6nem vermek, s\u00fcrekli geli\u015fme anlay\u0131\u015f\u0131 ile kalite sistemimizin ve \u00fcr\u00fcn kalitemizin geli\u015fimini sa\u011flamak temel ilkemizdir. T\u00fcm bu \u00e7al\u0131\u015fmalar\u0131 yaparken, kalite hedeflerini [&hellip;]","og_url":"https:\/\/www.alkur.com.tr\/?page_id=1335","og_site_name":"Alkur Kap\u0131 Sistemleri","article_publisher":"https:\/\/www.facebook.com\/alkurkapisistemlerias\/","article_modified_time":"2024-02-11T18:42:26+00:00","og_image":[{"width":9000,"height":1743,"url":"https:\/\/www.alkur.com.tr\/wp-content\/uploads\/2024\/01\/banner2.png","type":"image\/png"}],"twitter_card":"summary_large_image","twitter_misc":{"Tahmini okuma s\u00fcresi":"2 dakika"},"schema":{"@context":"https:\/\/schema.org","@graph":[{"@type":"WebPage","@id":"https:\/\/www.alkur.com.tr\/?page_id=1335","url":"https:\/\/www.alkur.com.tr\/?page_id=1335","name":"Kalite ve Y\u00f6netim Politikam\u0131z - Alkur Kap\u0131 Sistemleri","isPartOf":{"@id":"https:\/\/www.alkur.com.tr\/#website"},"primaryImageOfPage":{"@id":"https:\/\/www.alkur.com.tr\/?page_id=1335#primaryimage"},"image":{"@id":"https:\/\/www.alkur.com.tr\/?page_id=1335#primaryimage"},"thumbnailUrl":"https:\/\/www.alkur.com.tr\/wp-content\/uploads\/2024\/01\/banner2.png","datePublished":"2021-02-11T07:13:11+00:00","dateModified":"2024-02-11T18:42:26+00:00","breadcrumb":{"@id":"https:\/\/www.alkur.com.tr\/?page_id=1335#breadcrumb"},"inLanguage":"tr","potentialAction":[{"@type":"ReadAction","target":["https:\/\/www.alkur.com.tr\/?page_id=1335"]}]},{"@type":"ImageObject","inLanguage":"tr","@id":"https:\/\/www.alkur.com.tr\/?page_id=1335#primaryimage","url":"https:\/\/www.alkur.com.tr\/wp-content\/uploads\/2024\/01\/banner2.png","contentUrl":"https:\/\/www.alkur.com.tr\/wp-content\/uploads\/2024\/01\/banner2.png","width":9000,"height":1743},{"@type":"BreadcrumbList","@id":"https:\/\/www.alkur.com.tr\/?page_id=1335#breadcrumb","itemListElement":[{"@type":"ListItem","position":1,"name":"Anasayfa","item":"https:\/\/www.alkur.com.tr\/"},{"@type":"ListItem","position":2,"name":"Kalite ve Y\u00f6netim Politikam\u0131z"}]},{"@type":"WebSite","@id":"https:\/\/www.alkur.com.tr\/#website","url":"https:\/\/www.alkur.com.tr\/","name":"Alkur Kap\u0131 Sistemleri","description":"Gelece\u011fe A&ccedil;\u0131lan Kap\u0131lar","publisher":{"@id":"https:\/\/www.alkur.com.tr\/#organization"},"potentialAction":[{"@type":"SearchAction","target":{"@type":"EntryPoint","urlTemplate":"https:\/\/www.alkur.com.tr\/?s={search_term_string}"},"query-input":{"@type":"PropertyValueSpecification","valueRequired":true,"valueName":"search_term_string"}}],"inLanguage":"tr"},{"@type":"Organization","@id":"https:\/\/www.alkur.com.tr\/#organization","name":"Alkur Kap\u0131 Sistemleri","url":"https:\/\/www.alkur.com.tr\/","logo":{"@type":"ImageObject","inLanguage":"tr","@id":"https:\/\/www.alkur.com.tr\/#\/schema\/logo\/image\/","url":"https:\/\/www.alkur.com.tr\/wp-content\/uploads\/2024\/02\/alkur_kare_logo.png","contentUrl":"https:\/\/www.alkur.com.tr\/wp-content\/uploads\/2024\/02\/alkur_kare_logo.png","width":300,"height":111,"caption":"Alkur Kap\u0131 Sistemleri"},"image":{"@id":"https:\/\/www.alkur.com.tr\/#\/schema\/logo\/image\/"},"sameAs":["https:\/\/www.facebook.com\/alkurkapisistemlerias\/","https:\/\/www.instagram.com\/alkurkapi\/?hl=tr","https:\/\/www.youtube.com\/channel\/UC-GvedsSMKecscBgR4sMyEw"]}]}},"_links":{"self":[{"href":"https:\/\/www.alkur.com.tr\/index.php?rest_route=\/wp\/v2\/pages\/1335","targetHints":{"allow":["GET"]}}],"collection":[{"href":"https:\/\/www.alkur.com.tr\/index.php?rest_route=\/wp\/v2\/pages"}],"about":[{"href":"https:\/\/www.alkur.com.tr\/index.php?rest_route=\/wp\/v2\/types\/page"}],"author":[{"embeddable":true,"href":"https:\/\/www.alkur.com.tr\/index.php?rest_route=\/wp\/v2\/users\/1"}],"replies":[{"embeddable":true,"href":"https:\/\/www.alkur.com.tr\/index.php?rest_route=%2Fwp%2Fv2%2Fcomments&post=1335"}],"version-history":[{"count":40,"href":"https:\/\/www.alkur.com.tr\/index.php?rest_route=\/wp\/v2\/pages\/1335\/revisions"}],"predecessor-version":[{"id":5185,"href":"https:\/\/www.alkur.com.tr\/index.php?rest_route=\/wp\/v2\/pages\/1335\/revisions\/5185"}],"wp:featuredmedia":[{"embeddable":true,"href":"https:\/\/www.alkur.com.tr\/index.php?rest_route=\/wp\/v2\/media\/2720"}],"wp:attachment":[{"href":"https:\/\/www.alkur.com.tr\/index.php?rest_route=%2Fwp%2Fv2%2Fmedia&parent=1335"}],"curies":[{"name":"wp","href":"https:\/\/api.w.org\/{rel}","templated":true}]}}