{"id":1326,"date":"2021-02-11T07:07:50","date_gmt":"2021-02-11T07:07:50","guid":{"rendered":"https:\/\/www.alkur.com.tr\/?page_id=1326"},"modified":"2024-03-11T12:45:16","modified_gmt":"2024-03-11T09:45:16","slug":"about-block-02","status":"publish","type":"page","link":"https:\/\/www.alkur.com.tr\/?page_id=1326","title":{"rendered":"Sertifikalar"},"content":{"rendered":"\t\t<div data-elementor-type=\"wp-page\" data-elementor-id=\"1326\" class=\"elementor elementor-1326\" data-elementor-post-type=\"page\">\n\t\t\t\t<div class=\"elementor-element elementor-element-23b30ef e-grid e-con-full e-con e-parent\" data-id=\"23b30ef\" data-element_type=\"container\" data-e-type=\"container\" data-settings=\"{&quot;background_background&quot;:&quot;gradient&quot;}\">\n\t\t\t\t<div class=\"elementor-element elementor-element-b70e4bb elementor-widget elementor-widget-heading\" data-id=\"b70e4bb\" data-element_type=\"widget\" data-e-type=\"widget\" data-widget_type=\"heading.default\">\n\t\t\t\t<div class=\"elementor-widget-container\">\n\t\t\t\t\t<h1 class=\"elementor-heading-title elementor-size-default\">Sertifikalar\u0131m\u0131z<\/h1>\t\t\t\t<\/div>\n\t\t\t\t<\/div>\n\t\t\t\t<\/div>\n\t\t\t\t<section class=\"elementor-section elementor-top-section elementor-element elementor-element-0ff3d0d elementor-section-full_width elementor-section-height-default elementor-section-height-default\" data-id=\"0ff3d0d\" data-element_type=\"section\" data-e-type=\"section\">\n\t\t\t\t\t\t<div class=\"elementor-container elementor-column-gap-no\">\n\t\t\t\t\t<div class=\"elementor-column elementor-col-100 elementor-top-column elementor-element elementor-element-defa163\" data-id=\"defa163\" data-element_type=\"column\" data-e-type=\"column\">\n\t\t\t<div class=\"elementor-widget-wrap elementor-element-populated\">\n\t\t\t\t\t\t<div class=\"elementor-element elementor-element-ac1064f elementor-widget elementor-widget-dormatic_about_two\" data-id=\"ac1064f\" data-element_type=\"widget\" data-e-type=\"widget\" data-widget_type=\"dormatic_about_two.default\">\n\t\t\t\t<div class=\"elementor-widget-container\">\n\t\t\t\t\t\t\t<!-- about-style-two -->\r\n\t\t<section class=\"about-style-two\">\r\n\t\t\t<div class=\"auto-container\">\r\n\t\t\t\t<div class=\"row align-items-center clearfix\">\r\n\t\t\t\t\t<div class=\"col-lg-6 col-md-12 col-sm-12 image-column\">\r\n\t\t\t\t\t\t<div class=\"image_block_2\">\r\n\t\t\t\t\t\t\t<div class=\"image-box\">\r\n\t\t\t\t\t\t\t\t<figure class=\"image\">\r\n\t\t\t\t\t\t\t\t\t<img fetchpriority=\"high\" decoding=\"async\" width=\"4160\" height=\"6240\" src=\"https:\/\/www.alkur.com.tr\/wp-content\/uploads\/2024\/01\/close-up-graduation-diploma.jpg\" class=\"attachment-full size-full\" alt=\"\" \/>\t\t\t\t\t\t\t\t<\/figure>\r\n\t\t\t\t\t\t\t\t<div class=\"single-box content-one\">\r\n\t\t\t\t\t\t\t\t\t<h2><i aria-hidden=\"true\" class=\" icon-icon14\"><\/i>31<\/h2>\r\n\t\t\t\t\t\t\t\t\t<p>Y\u0131ll\u0131k Tecr\u00fcbe<\/p>\r\n\t\t\t\t\t\t\t\t<\/div>\r\n\t\t\t\t\t\t\t\t<div class=\"single-box content-two\">\r\n\t\t\t\t\t\t\t\t\t<h2><i aria-hidden=\"true\" class=\" icon-icon9\"><\/i> 1-\u221e<\/h2>\r\n\t\t\t\t\t\t\t\t\t<p>Bayi Noktas\u0131<\/p>\r\n\t\t\t\t\t\t\t\t<\/div>\r\n\t\t\t\t\t\t\t\t<div class=\"content-three\">\r\n\t\t\t\t\t\t\t\t\t<div class=\"icon-box\">\r\n\t\t\t\t\t\t\t\t\t\t<i class=\"icon  icon-icon13\"><\/i>\r\n\t\t\t\t\t\t\t\t\t\t<ul class=\"rating clearfix\">\r\n\t\t\t\t\t\t\t\t\t\t\t<li><i class=\"fas fa-star\"><\/i><\/li>\n<li><i class=\"fas fa-star\"><\/i><\/li>\n<li><i class=\"fas fa-star\"><\/i><\/li>\n<li><i class=\"fas fa-star\"><\/i><\/li>\n<li><i class=\"fas fa-star\"><\/i><\/li>\t\t\t\t\t\t\t\t\t\t<\/ul>\r\n\t\t\t\t\t\t\t\t\t<\/div>\r\n\t\t\t\t\t\t\t\t\t<div class=\"text\">\r\n\t\t\t\t\t\t\t\t\t\t<h3>Sertifikalar\u0131m\u0131zla G\u00fcvendesiniz!<\/h3>\r\n\t\t\t\t\t\t\t\t\t\t<span>ISO 9001:2015 Belge<\/span>\r\n\t\t\t\t\t\t\t\t\t<\/div>\r\n\t\t\t\t\t\t\t\t<\/div>\r\n\t\t\t\t\t\t\t<\/div>\r\n\t\t\t\t\t\t<\/div>\r\n\t\t\t\t\t<\/div>\r\n\t\t\t\t\t<div class=\"col-lg-6 col-md-12 col-sm-12 content-column\">\r\n\t\t\t\t\t\t<div class=\"content_block_5\">\r\n\t\t\t\t\t\t\t<div class=\"content-box\">\r\n\t\t\t\t\t\t\t\t<div class=\"sec-title\">\r\n\t\t\t\t\t\t\t\t\t<span>Alkur Kap\u0131 Sistemleri<\/span>\r\n\t\t\t\t\t\t\t\t\t<h2 >Sertifikalar\u0131m\u0131zla Kalite ve G\u00fcvenin Taahh\u00fcd\u00fc<\/h2>\t\t\t\t\t\t\t\t<\/div>\r\n\t\t\t\t\t\t\t\t<div class=\"text\">\r\n\t\t\t\t\t\t\t\t\t<p>Firmam\u0131z, m\u00fc\u015fterilere en y\u00fcksek kalitede \u00fcr\u00fcn ve hizmetler sunmaya odaklanm\u0131\u015ft\u0131r. Bu ba\u011flamda, sekt\u00f6rdeki liderli\u011fimizi ve taahh\u00fcd\u00fcm\u00fcz\u00fc g\u00f6stermek ad\u0131na ald\u0131\u011f\u0131m\u0131z \u00e7e\u015fitli sertifikalarla gurur duyuyoruz. A\u015fa\u011f\u0131da, bizim i\u00e7in \u00f6nemli olan sertifikalar\u0131n bir listesini bulabilirsiniz:<\/p>\r\n\t\t\t\t\t\t\t\t\t<ul class=\"list clearfix\">\r\n\t\t\t\t\t\t\t\t\t\t <li>ISO 9001-2008<\/li>\n<li>Con-tech Marka Tescil<\/li>\n <li>Normtor Marka Tescil<\/li>\n<li>Open Marka Tescil<\/li>\n<li>r-tec Marka Tescil<\/li>\n<li>Normdock Marka Tescil<\/li>\n<li>Alkur Marka Tescil<\/li>\n<li>Hizmet Yeterlilik Belgesi<\/li>\t\t\t\t\t\t\t\t\t<\/ul>\r\n\t\t\t\t\t\t\t\t<\/div>\r\n\t\t\t\t\t\t\t\t<div class=\"btn-box\">\r\n\t\t\t\t\t\t\t\t\t<a href=\"\"  rel=\"nofollow\"><\/a>\r\n\t\t\t\t\t\t\t\t<\/div>\r\n\t\t\t\t\t\t\t<\/div>\r\n\t\t\t\t\t\t<\/div>\r\n\t\t\t\t\t<\/div>\r\n\t\t\t\t<\/div>\r\n\t\t\t<\/div>\r\n\t\t<\/section>\r\n\t\t<!-- about-style-two end -->\r\n\t\t\t\t\t\t<\/div>\n\t\t\t\t<\/div>\n\t\t\t\t\t<\/div>\n\t\t<\/div>\n\t\t\t\t\t<\/div>\n\t\t<\/section>\n\t\t<div class=\"elementor-element elementor-element-5d31735 e-flex e-con-boxed e-con e-parent\" data-id=\"5d31735\" data-element_type=\"container\" data-e-type=\"container\">\n\t\t\t\t\t<div class=\"e-con-inner\">\n\t\t\t\t<div class=\"elementor-element elementor-element-65812cc elementor-widget elementor-widget-image-gallery\" data-id=\"65812cc\" data-element_type=\"widget\" data-e-type=\"widget\" data-widget_type=\"image-gallery.default\">\n\t\t\t\t<div class=\"elementor-widget-container\">\n\t\t\t\t\t\t\t<div class=\"elementor-image-gallery\">\n\t\t\t<div id='gallery-1' class='gallery galleryid-1326 gallery-columns-4 gallery-size-medium'><figure class='gallery-item'>\n\t\t\t<div class='gallery-icon portrait'>\n\t\t\t\t<a data-elementor-open-lightbox=\"yes\" data-elementor-lightbox-slideshow=\"65812cc\" data-elementor-lightbox-title=\"ISO9001-2025\" data-e-action-hash=\"#elementor-action%3Aaction%3Dlightbox%26settings%3DeyJpZCI6Mjg3NCwidXJsIjoiaHR0cHM6XC9cL3d3dy5hbGt1ci5jb20udHJcL3dwLWNvbnRlbnRcL3VwbG9hZHNcLzIwMjRcLzAxXC9JU085MDAxLTIwMjUucG5nIiwic2xpZGVzaG93IjoiNjU4MTJjYyJ9\" href='https:\/\/www.alkur.com.tr\/wp-content\/uploads\/2024\/01\/ISO9001-2025.png'><img decoding=\"async\" width=\"212\" height=\"300\" src=\"https:\/\/www.alkur.com.tr\/wp-content\/uploads\/2024\/01\/ISO9001-2025.png\" class=\"attachment-medium size-medium\" alt=\"\" \/><\/a>\n\t\t\t<\/div><\/figure><figure class='gallery-item'>\n\t\t\t<div class='gallery-icon portrait'>\n\t\t\t\t<a data-elementor-open-lightbox=\"yes\" data-elementor-lightbox-slideshow=\"65812cc\" data-elementor-lightbox-title=\"OHSAS\" data-e-action-hash=\"#elementor-action%3Aaction%3Dlightbox%26settings%3DeyJpZCI6Mjg3NSwidXJsIjoiaHR0cHM6XC9cL3d3dy5hbGt1ci5jb20udHJcL3dwLWNvbnRlbnRcL3VwbG9hZHNcLzIwMjRcLzAxXC9PSFNBUy5wbmciLCJzbGlkZXNob3ciOiI2NTgxMmNjIn0%3D\" href='https:\/\/www.alkur.com.tr\/wp-content\/uploads\/2024\/01\/OHSAS.png'><img decoding=\"async\" width=\"212\" height=\"300\" src=\"https:\/\/www.alkur.com.tr\/wp-content\/uploads\/2024\/01\/OHSAS.png\" class=\"attachment-medium size-medium\" alt=\"\" \/><\/a>\n\t\t\t<\/div><\/figure><figure class='gallery-item'>\n\t\t\t<div class='gallery-icon portrait'>\n\t\t\t\t<a data-elementor-open-lightbox=\"yes\" data-elementor-lightbox-slideshow=\"65812cc\" data-elementor-lightbox-title=\"r-tec-MARKA-TESC\u0130L-23.05\" data-e-action-hash=\"#elementor-action%3Aaction%3Dlightbox%26settings%3DeyJpZCI6Mjg3NiwidXJsIjoiaHR0cHM6XC9cL3d3dy5hbGt1ci5jb20udHJcL3dwLWNvbnRlbnRcL3VwbG9hZHNcLzIwMjRcLzAxXC9yLXRlYy1NQVJLQS1URVNDSUwtMjMuMDUucG5nIiwic2xpZGVzaG93IjoiNjU4MTJjYyJ9\" href='https:\/\/www.alkur.com.tr\/wp-content\/uploads\/2024\/01\/r-tec-MARKA-TESCIL-23.05.png'><img loading=\"lazy\" decoding=\"async\" width=\"212\" height=\"300\" src=\"https:\/\/www.alkur.com.tr\/wp-content\/uploads\/2024\/01\/r-tec-MARKA-TESCIL-23.05.png\" class=\"attachment-medium size-medium\" alt=\"\" \/><\/a>\n\t\t\t<\/div><\/figure><figure class='gallery-item'>\n\t\t\t<div class='gallery-icon portrait'>\n\t\t\t\t<a data-elementor-open-lightbox=\"yes\" data-elementor-lightbox-slideshow=\"65812cc\" data-elementor-lightbox-title=\"TSE0\" data-e-action-hash=\"#elementor-action%3Aaction%3Dlightbox%26settings%3DeyJpZCI6Mjg4NCwidXJsIjoiaHR0cHM6XC9cL3d3dy5hbGt1ci5jb20udHJcL3dwLWNvbnRlbnRcL3VwbG9hZHNcLzIwMjRcLzAxXC9UU0UwLnBuZyIsInNsaWRlc2hvdyI6IjY1ODEyY2MifQ%3D%3D\" href='https:\/\/www.alkur.com.tr\/wp-content\/uploads\/2024\/01\/TSE0.png'><img loading=\"lazy\" decoding=\"async\" width=\"211\" height=\"300\" src=\"https:\/\/www.alkur.com.tr\/wp-content\/uploads\/2024\/01\/TSE0.png\" class=\"attachment-medium size-medium\" alt=\"\" \/><\/a>\n\t\t\t<\/div><\/figure>\n\t\t<\/div>\n\t\t<\/div>\n\t\t\t\t\t\t<\/div>\n\t\t\t\t<\/div>\n\t\t\t\t\t<\/div>\n\t\t\t\t<\/div>\n\t\t<div class=\"elementor-element elementor-element-9f0fde3 e-con-full e-flex e-con e-parent\" data-id=\"9f0fde3\" data-element_type=\"container\" data-e-type=\"container\">\n\t\t\t\t<div class=\"elementor-element elementor-element-0ea828f elementor-widget__width-inherit elementor-widget elementor-widget-spacer\" data-id=\"0ea828f\" data-element_type=\"widget\" data-e-type=\"widget\" data-widget_type=\"spacer.default\">\n\t\t\t\t<div class=\"elementor-widget-container\">\n\t\t\t\t\t\t\t<div class=\"elementor-spacer\">\n\t\t\t<div class=\"elementor-spacer-inner\"><\/div>\n\t\t<\/div>\n\t\t\t\t\t\t<\/div>\n\t\t\t\t<\/div>\n\t\t\t\t<\/div>\n\t\t\t\t<\/div>\n\t\t","protected":false},"excerpt":{"rendered":"<p>Sertifikalar\u0131m\u0131z 31 Y\u0131ll\u0131k Tecr\u00fcbe 1-\u221e Bayi Noktas\u0131 Sertifikalar\u0131m\u0131zla G\u00fcvendesiniz! ISO 9001:2015 Belge Alkur Kap\u0131 Sistemleri Sertifikalar\u0131m\u0131zla Kalite ve G\u00fcvenin Taahh\u00fcd\u00fc Firmam\u0131z, m\u00fc\u015fterilere en y\u00fcksek kalitede \u00fcr\u00fcn ve hizmetler sunmaya odaklanm\u0131\u015ft\u0131r. Bu ba\u011flamda, sekt\u00f6rdeki liderli\u011fimizi ve taahh\u00fcd\u00fcm\u00fcz\u00fc g\u00f6stermek ad\u0131na ald\u0131\u011f\u0131m\u0131z \u00e7e\u015fitli sertifikalarla gurur duyuyoruz. A\u015fa\u011f\u0131da, bizim i\u00e7in \u00f6nemli olan sertifikalar\u0131n bir listesini bulabilirsiniz: ISO 9001-2008 Con-tech [&hellip;]<\/p>\n","protected":false},"author":1,"featured_media":0,"parent":0,"menu_order":0,"comment_status":"closed","ping_status":"closed","template":"elementor_header_footer","meta":{"_joinchat":[],"footnotes":""},"class_list":["post-1326","page","type-page","status-publish","hentry"],"yoast_head":"<!-- This site is optimized with the Yoast SEO plugin v27.4 - https:\/\/yoast.com\/product\/yoast-seo-wordpress\/ -->\n<title>Sertifikalar - Alkur Kap\u0131 Sistemleri<\/title>\n<meta name=\"robots\" content=\"index, follow, max-snippet:-1, max-image-preview:large, max-video-preview:-1\" \/>\n<link rel=\"canonical\" href=\"https:\/\/www.alkur.com.tr\/?page_id=1326\" \/>\n<meta property=\"og:locale\" content=\"tr_TR\" \/>\n<meta property=\"og:type\" content=\"article\" \/>\n<meta property=\"og:title\" content=\"Sertifikalar - Alkur Kap\u0131 Sistemleri\" \/>\n<meta property=\"og:description\" content=\"Sertifikalar\u0131m\u0131z 31 Y\u0131ll\u0131k Tecr\u00fcbe 1-\u221e Bayi Noktas\u0131 Sertifikalar\u0131m\u0131zla G\u00fcvendesiniz! ISO 9001:2015 Belge Alkur Kap\u0131 Sistemleri Sertifikalar\u0131m\u0131zla Kalite ve G\u00fcvenin Taahh\u00fcd\u00fc Firmam\u0131z, m\u00fc\u015fterilere en y\u00fcksek kalitede \u00fcr\u00fcn ve hizmetler sunmaya odaklanm\u0131\u015ft\u0131r. Bu ba\u011flamda, sekt\u00f6rdeki liderli\u011fimizi ve taahh\u00fcd\u00fcm\u00fcz\u00fc g\u00f6stermek ad\u0131na ald\u0131\u011f\u0131m\u0131z \u00e7e\u015fitli sertifikalarla gurur duyuyoruz. A\u015fa\u011f\u0131da, bizim i\u00e7in \u00f6nemli olan sertifikalar\u0131n bir listesini bulabilirsiniz: ISO 9001-2008 Con-tech [&hellip;]\" \/>\n<meta property=\"og:url\" content=\"https:\/\/www.alkur.com.tr\/?page_id=1326\" \/>\n<meta property=\"og:site_name\" content=\"Alkur Kap\u0131 Sistemleri\" \/>\n<meta property=\"article:publisher\" content=\"https:\/\/www.facebook.com\/alkurkapisistemlerias\/\" \/>\n<meta property=\"article:modified_time\" content=\"2024-03-11T09:45:16+00:00\" \/>\n<meta property=\"og:image\" content=\"https:\/\/www.alkur.com.tr\/wp-content\/uploads\/2024\/01\/close-up-graduation-diploma.jpg\" \/>\n<meta name=\"twitter:card\" content=\"summary_large_image\" \/>\n<meta name=\"twitter:label1\" content=\"Tahmini okuma s\u00fcresi\" \/>\n\t<meta name=\"twitter:data1\" content=\"1 dakika\" \/>\n<script type=\"application\/ld+json\" class=\"yoast-schema-graph\">{\"@context\":\"https:\\\/\\\/schema.org\",\"@graph\":[{\"@type\":\"WebPage\",\"@id\":\"https:\\\/\\\/www.alkur.com.tr\\\/?page_id=1326\",\"url\":\"https:\\\/\\\/www.alkur.com.tr\\\/?page_id=1326\",\"name\":\"Sertifikalar - Alkur Kap\u0131 Sistemleri\",\"isPartOf\":{\"@id\":\"https:\\\/\\\/www.alkur.com.tr\\\/#website\"},\"primaryImageOfPage\":{\"@id\":\"https:\\\/\\\/www.alkur.com.tr\\\/?page_id=1326#primaryimage\"},\"image\":{\"@id\":\"https:\\\/\\\/www.alkur.com.tr\\\/?page_id=1326#primaryimage\"},\"thumbnailUrl\":\"https:\\\/\\\/www.alkur.com.tr\\\/wp-content\\\/uploads\\\/2024\\\/01\\\/close-up-graduation-diploma.jpg\",\"datePublished\":\"2021-02-11T07:07:50+00:00\",\"dateModified\":\"2024-03-11T09:45:16+00:00\",\"breadcrumb\":{\"@id\":\"https:\\\/\\\/www.alkur.com.tr\\\/?page_id=1326#breadcrumb\"},\"inLanguage\":\"tr\",\"potentialAction\":[{\"@type\":\"ReadAction\",\"target\":[\"https:\\\/\\\/www.alkur.com.tr\\\/?page_id=1326\"]}]},{\"@type\":\"ImageObject\",\"inLanguage\":\"tr\",\"@id\":\"https:\\\/\\\/www.alkur.com.tr\\\/?page_id=1326#primaryimage\",\"url\":\"https:\\\/\\\/www.alkur.com.tr\\\/wp-content\\\/uploads\\\/2024\\\/01\\\/close-up-graduation-diploma.jpg\",\"contentUrl\":\"https:\\\/\\\/www.alkur.com.tr\\\/wp-content\\\/uploads\\\/2024\\\/01\\\/close-up-graduation-diploma.jpg\",\"width\":4160,\"height\":6240},{\"@type\":\"BreadcrumbList\",\"@id\":\"https:\\\/\\\/www.alkur.com.tr\\\/?page_id=1326#breadcrumb\",\"itemListElement\":[{\"@type\":\"ListItem\",\"position\":1,\"name\":\"Anasayfa\",\"item\":\"https:\\\/\\\/www.alkur.com.tr\\\/\"},{\"@type\":\"ListItem\",\"position\":2,\"name\":\"Sertifikalar\"}]},{\"@type\":\"WebSite\",\"@id\":\"https:\\\/\\\/www.alkur.com.tr\\\/#website\",\"url\":\"https:\\\/\\\/www.alkur.com.tr\\\/\",\"name\":\"Alkur Kap\u0131 Sistemleri\",\"description\":\"Gelece\u011fe A&ccedil;\u0131lan Kap\u0131lar\",\"publisher\":{\"@id\":\"https:\\\/\\\/www.alkur.com.tr\\\/#organization\"},\"potentialAction\":[{\"@type\":\"SearchAction\",\"target\":{\"@type\":\"EntryPoint\",\"urlTemplate\":\"https:\\\/\\\/www.alkur.com.tr\\\/?s={search_term_string}\"},\"query-input\":{\"@type\":\"PropertyValueSpecification\",\"valueRequired\":true,\"valueName\":\"search_term_string\"}}],\"inLanguage\":\"tr\"},{\"@type\":\"Organization\",\"@id\":\"https:\\\/\\\/www.alkur.com.tr\\\/#organization\",\"name\":\"Alkur Kap\u0131 Sistemleri\",\"url\":\"https:\\\/\\\/www.alkur.com.tr\\\/\",\"logo\":{\"@type\":\"ImageObject\",\"inLanguage\":\"tr\",\"@id\":\"https:\\\/\\\/www.alkur.com.tr\\\/#\\\/schema\\\/logo\\\/image\\\/\",\"url\":\"https:\\\/\\\/www.alkur.com.tr\\\/wp-content\\\/uploads\\\/2024\\\/02\\\/alkur_kare_logo.png\",\"contentUrl\":\"https:\\\/\\\/www.alkur.com.tr\\\/wp-content\\\/uploads\\\/2024\\\/02\\\/alkur_kare_logo.png\",\"width\":300,\"height\":111,\"caption\":\"Alkur Kap\u0131 Sistemleri\"},\"image\":{\"@id\":\"https:\\\/\\\/www.alkur.com.tr\\\/#\\\/schema\\\/logo\\\/image\\\/\"},\"sameAs\":[\"https:\\\/\\\/www.facebook.com\\\/alkurkapisistemlerias\\\/\",\"https:\\\/\\\/www.instagram.com\\\/alkurkapi\\\/?hl=tr\",\"https:\\\/\\\/www.youtube.com\\\/channel\\\/UC-GvedsSMKecscBgR4sMyEw\"]}]}<\/script>\n<!-- \/ Yoast SEO plugin. -->","yoast_head_json":{"title":"Sertifikalar - Alkur Kap\u0131 Sistemleri","robots":{"index":"index","follow":"follow","max-snippet":"max-snippet:-1","max-image-preview":"max-image-preview:large","max-video-preview":"max-video-preview:-1"},"canonical":"https:\/\/www.alkur.com.tr\/?page_id=1326","og_locale":"tr_TR","og_type":"article","og_title":"Sertifikalar - Alkur Kap\u0131 Sistemleri","og_description":"Sertifikalar\u0131m\u0131z 31 Y\u0131ll\u0131k Tecr\u00fcbe 1-\u221e Bayi Noktas\u0131 Sertifikalar\u0131m\u0131zla G\u00fcvendesiniz! ISO 9001:2015 Belge Alkur Kap\u0131 Sistemleri Sertifikalar\u0131m\u0131zla Kalite ve G\u00fcvenin Taahh\u00fcd\u00fc Firmam\u0131z, m\u00fc\u015fterilere en y\u00fcksek kalitede \u00fcr\u00fcn ve hizmetler sunmaya odaklanm\u0131\u015ft\u0131r. Bu ba\u011flamda, sekt\u00f6rdeki liderli\u011fimizi ve taahh\u00fcd\u00fcm\u00fcz\u00fc g\u00f6stermek ad\u0131na ald\u0131\u011f\u0131m\u0131z \u00e7e\u015fitli sertifikalarla gurur duyuyoruz. A\u015fa\u011f\u0131da, bizim i\u00e7in \u00f6nemli olan sertifikalar\u0131n bir listesini bulabilirsiniz: ISO 9001-2008 Con-tech [&hellip;]","og_url":"https:\/\/www.alkur.com.tr\/?page_id=1326","og_site_name":"Alkur Kap\u0131 Sistemleri","article_publisher":"https:\/\/www.facebook.com\/alkurkapisistemlerias\/","article_modified_time":"2024-03-11T09:45:16+00:00","og_image":[{"url":"https:\/\/www.alkur.com.tr\/wp-content\/uploads\/2024\/01\/close-up-graduation-diploma.jpg","type":"","width":"","height":""}],"twitter_card":"summary_large_image","twitter_misc":{"Tahmini okuma s\u00fcresi":"1 dakika"},"schema":{"@context":"https:\/\/schema.org","@graph":[{"@type":"WebPage","@id":"https:\/\/www.alkur.com.tr\/?page_id=1326","url":"https:\/\/www.alkur.com.tr\/?page_id=1326","name":"Sertifikalar - Alkur Kap\u0131 Sistemleri","isPartOf":{"@id":"https:\/\/www.alkur.com.tr\/#website"},"primaryImageOfPage":{"@id":"https:\/\/www.alkur.com.tr\/?page_id=1326#primaryimage"},"image":{"@id":"https:\/\/www.alkur.com.tr\/?page_id=1326#primaryimage"},"thumbnailUrl":"https:\/\/www.alkur.com.tr\/wp-content\/uploads\/2024\/01\/close-up-graduation-diploma.jpg","datePublished":"2021-02-11T07:07:50+00:00","dateModified":"2024-03-11T09:45:16+00:00","breadcrumb":{"@id":"https:\/\/www.alkur.com.tr\/?page_id=1326#breadcrumb"},"inLanguage":"tr","potentialAction":[{"@type":"ReadAction","target":["https:\/\/www.alkur.com.tr\/?page_id=1326"]}]},{"@type":"ImageObject","inLanguage":"tr","@id":"https:\/\/www.alkur.com.tr\/?page_id=1326#primaryimage","url":"https:\/\/www.alkur.com.tr\/wp-content\/uploads\/2024\/01\/close-up-graduation-diploma.jpg","contentUrl":"https:\/\/www.alkur.com.tr\/wp-content\/uploads\/2024\/01\/close-up-graduation-diploma.jpg","width":4160,"height":6240},{"@type":"BreadcrumbList","@id":"https:\/\/www.alkur.com.tr\/?page_id=1326#breadcrumb","itemListElement":[{"@type":"ListItem","position":1,"name":"Anasayfa","item":"https:\/\/www.alkur.com.tr\/"},{"@type":"ListItem","position":2,"name":"Sertifikalar"}]},{"@type":"WebSite","@id":"https:\/\/www.alkur.com.tr\/#website","url":"https:\/\/www.alkur.com.tr\/","name":"Alkur Kap\u0131 Sistemleri","description":"Gelece\u011fe A&ccedil;\u0131lan Kap\u0131lar","publisher":{"@id":"https:\/\/www.alkur.com.tr\/#organization"},"potentialAction":[{"@type":"SearchAction","target":{"@type":"EntryPoint","urlTemplate":"https:\/\/www.alkur.com.tr\/?s={search_term_string}"},"query-input":{"@type":"PropertyValueSpecification","valueRequired":true,"valueName":"search_term_string"}}],"inLanguage":"tr"},{"@type":"Organization","@id":"https:\/\/www.alkur.com.tr\/#organization","name":"Alkur Kap\u0131 Sistemleri","url":"https:\/\/www.alkur.com.tr\/","logo":{"@type":"ImageObject","inLanguage":"tr","@id":"https:\/\/www.alkur.com.tr\/#\/schema\/logo\/image\/","url":"https:\/\/www.alkur.com.tr\/wp-content\/uploads\/2024\/02\/alkur_kare_logo.png","contentUrl":"https:\/\/www.alkur.com.tr\/wp-content\/uploads\/2024\/02\/alkur_kare_logo.png","width":300,"height":111,"caption":"Alkur Kap\u0131 Sistemleri"},"image":{"@id":"https:\/\/www.alkur.com.tr\/#\/schema\/logo\/image\/"},"sameAs":["https:\/\/www.facebook.com\/alkurkapisistemlerias\/","https:\/\/www.instagram.com\/alkurkapi\/?hl=tr","https:\/\/www.youtube.com\/channel\/UC-GvedsSMKecscBgR4sMyEw"]}]}},"_links":{"self":[{"href":"https:\/\/www.alkur.com.tr\/index.php?rest_route=\/wp\/v2\/pages\/1326","targetHints":{"allow":["GET"]}}],"collection":[{"href":"https:\/\/www.alkur.com.tr\/index.php?rest_route=\/wp\/v2\/pages"}],"about":[{"href":"https:\/\/www.alkur.com.tr\/index.php?rest_route=\/wp\/v2\/types\/page"}],"author":[{"embeddable":true,"href":"https:\/\/www.alkur.com.tr\/index.php?rest_route=\/wp\/v2\/users\/1"}],"replies":[{"embeddable":true,"href":"https:\/\/www.alkur.com.tr\/index.php?rest_route=%2Fwp%2Fv2%2Fcomments&post=1326"}],"version-history":[{"count":130,"href":"https:\/\/www.alkur.com.tr\/index.php?rest_route=\/wp\/v2\/pages\/1326\/revisions"}],"predecessor-version":[{"id":5961,"href":"https:\/\/www.alkur.com.tr\/index.php?rest_route=\/wp\/v2\/pages\/1326\/revisions\/5961"}],"wp:attachment":[{"href":"https:\/\/www.alkur.com.tr\/index.php?rest_route=%2Fwp%2Fv2%2Fmedia&parent=1326"}],"curies":[{"name":"wp","href":"https:\/\/api.w.org\/{rel}","templated":true}]}}